{"id":17,"date":"2016-01-25T10:24:49","date_gmt":"2016-01-25T09:24:49","guid":{"rendered":"http:\/\/avrsi.fr\/avrsi\/?page_id=17"},"modified":"2016-02-05T09:53:27","modified_gmt":"2016-02-05T08:53:27","slug":"se-simplifier-la-vie","status":"publish","type":"page","link":"https:\/\/avrsi.fr\/avrsi\/se-simplifier-la-vie\/","title":{"rendered":"Gagner du temps"},"content":{"rendered":"<p>Dans cette partie vous avez acc\u00e8s \u00e0 tous les outils que je mets \u00e0 votre disposition pour vous simplifier la vie&#8230; et donc gagner du temps<\/p>\n<div class=\"pvc_clear\"><\/div>\n<p id=\"pvc_stats_17\" class=\"pvc_stats all  \" data-element-id=\"17\" style=\"\"><i class=\"pvc-stats-icon medium\" aria-hidden=\"true\"><svg aria-hidden=\"true\" focusable=\"false\" data-prefix=\"far\" data-icon=\"chart-bar\" role=\"img\" xmlns=\"http:\/\/www.w3.org\/2000\/svg\" viewBox=\"0 0 512 512\" class=\"svg-inline--fa fa-chart-bar fa-w-16 fa-2x\"><path fill=\"currentColor\" d=\"M396.8 352h22.4c6.4 0 12.8-6.4 12.8-12.8V108.8c0-6.4-6.4-12.8-12.8-12.8h-22.4c-6.4 0-12.8 6.4-12.8 12.8v230.4c0 6.4 6.4 12.8 12.8 12.8zm-192 0h22.4c6.4 0 12.8-6.4 12.8-12.8V140.8c0-6.4-6.4-12.8-12.8-12.8h-22.4c-6.4 0-12.8 6.4-12.8 12.8v198.4c0 6.4 6.4 12.8 12.8 12.8zm96 0h22.4c6.4 0 12.8-6.4 12.8-12.8V204.8c0-6.4-6.4-12.8-12.8-12.8h-22.4c-6.4 0-12.8 6.4-12.8 12.8v134.4c0 6.4 6.4 12.8 12.8 12.8zM496 400H48V80c0-8.84-7.16-16-16-16H16C7.16 64 0 71.16 0 80v336c0 17.67 14.33 32 32 32h464c8.84 0 16-7.16 16-16v-16c0-8.84-7.16-16-16-16zm-387.2-48h22.4c6.4 0 12.8-6.4 12.8-12.8v-70.4c0-6.4-6.4-12.8-12.8-12.8h-22.4c-6.4 0-12.8 6.4-12.8 12.8v70.4c0 6.4 6.4 12.8 12.8 12.8z\" class=\"\"><\/path><\/svg><\/i> <img data-recalc-dims=\"1\" loading=\"lazy\" decoding=\"async\" width=\"16\" height=\"16\" alt=\"Loading\" src=\"https:\/\/i0.wp.com\/avrsi.fr\/avrsi\/wp-content\/plugins\/page-views-count\/ajax-loader-2x.gif?resize=16%2C16&#038;ssl=1\" border=0 \/><\/p>\n<div class=\"pvc_clear\"><\/div>\n","protected":false},"excerpt":{"rendered":"<p>Dans cette partie vous avez acc\u00e8s \u00e0 tous les outils que je mets \u00e0 votre disposition pour vous simplifier la vie&#8230; et donc gagner du temps<\/p>\n<div class=\"pvc_clear\"><\/div>\n<p id=\"pvc_stats_17\" class=\"pvc_stats all  \" data-element-id=\"17\" style=\"\"><i class=\"pvc-stats-icon medium\" aria-hidden=\"true\"><svg aria-hidden=\"true\" focusable=\"false\" data-prefix=\"far\" data-icon=\"chart-bar\" role=\"img\" xmlns=\"http:\/\/www.w3.org\/2000\/svg\" viewBox=\"0 0 512 512\" class=\"svg-inline--fa fa-chart-bar fa-w-16 fa-2x\"><path fill=\"currentColor\" d=\"M396.8 352h22.4c6.4 0 12.8-6.4 12.8-12.8V108.8c0-6.4-6.4-12.8-12.8-12.8h-22.4c-6.4 0-12.8 6.4-12.8 12.8v230.4c0 6.4 6.4 12.8 12.8 12.8zm-192 0h22.4c6.4 0 12.8-6.4 12.8-12.8V140.8c0-6.4-6.4-12.8-12.8-12.8h-22.4c-6.4 0-12.8 6.4-12.8 12.8v198.4c0 6.4 6.4 12.8 12.8 12.8zm96 0h22.4c6.4 0 12.8-6.4 12.8-12.8V204.8c0-6.4-6.4-12.8-12.8-12.8h-22.4c-6.4 0-12.8 6.4-12.8 12.8v134.4c0 6.4 6.4 12.8 12.8 12.8zM496 400H48V80c0-8.84-7.16-16-16-16H16C7.16 64 0 71.16 0 80v336c0 17.67 14.33 32 32 32h464c8.84 0 16-7.16 16-16v-16c0-8.84-7.16-16-16-16zm-387.2-48h22.4c6.4 0 12.8-6.4 12.8-12.8v-70.4c0-6.4-6.4-12.8-12.8-12.8h-22.4c-6.4 0-12.8 6.4-12.8 12.8v70.4c0 6.4 6.4 12.8 12.8 12.8z\" class=\"\"><\/path><\/svg><\/i> <img loading=\"lazy\" decoding=\"async\" width=\"16\" height=\"16\" alt=\"Loading\" src=\"https:\/\/avrsi.fr\/avrsi\/wp-content\/plugins\/page-views-count\/ajax-loader-2x.gif\" border=0 \/><\/p>\n<div class=\"pvc_clear\"><\/div>\n","protected":false},"author":1,"featured_media":0,"parent":0,"menu_order":0,"comment_status":"closed","ping_status":"closed","template":"","meta":{"_bbp_topic_count":0,"_bbp_reply_count":0,"_bbp_total_topic_count":0,"_bbp_total_reply_count":0,"_bbp_voice_count":0,"_bbp_anonymous_reply_count":0,"_bbp_topic_count_hidden":0,"_bbp_reply_count_hidden":0,"_bbp_forum_subforum_count":0,"_exactmetrics_skip_tracking":false,"_exactmetrics_sitenote_active":false,"_exactmetrics_sitenote_note":"","_exactmetrics_sitenote_category":0,"footnotes":""},"class_list":["post-17","page","type-page","status-publish","hentry"],"aioseo_notices":[],"a3_pvc":{"activated":true,"total_views":675,"today_views":0},"jetpack_sharing_enabled":true,"jetpack_shortlink":"https:\/\/wp.me\/P7cIFZ-h","jetpack-related-posts":[{"id":100,"url":"https:\/\/avrsi.fr\/avrsi\/a-propos\/","url_meta":{"origin":17,"position":0},"title":"A propos","author":"sylvere","date":"2 f\u00e9vrier 2016","format":false,"excerpt":"Ce blog est-il pour vous ? Vous \u00eates ma\u00eetre d\u2019ouvrage ou exploitant, contr\u00f4leur technique, coordinateur SSI,\u00a0 pr\u00e9ventionniste dans un SDIS, \u00a0Bureau d\u2019\u00e9tude ou une entreprise. Vous avez besoin de gagner du temps dans vos activit\u00e9s Vous avez besoin d'automatiser des taches r\u00e9p\u00e9titives inint\u00e9ressantes Vous avez besoin d'outils informatiques qui n'existent\u2026","rel":"","context":"Article similaire","block_context":{"text":"Article similaire","link":""},"img":{"alt_text":"SLencadre","src":"https:\/\/i0.wp.com\/le-coordinateur-ssi.fr\/wp-content\/uploads\/2015\/08\/SLencadre-232x300.png?resize=350%2C200","width":350,"height":200},"classes":[]},{"id":263,"url":"https:\/\/avrsi.fr\/avrsi\/module-1\/","url_meta":{"origin":17,"position":1},"title":"Module 1 &#8211; D\u00e9roulement","author":"sylvere","date":"8 f\u00e9vrier 2017","format":false,"excerpt":"Chapitre 1 : Comment suivre la formation Chapitre 2 : truc et astuce pour gagner du temps Chapitre 3\u00a0: Faire la demande de prise en charge de la Formation Chapitre 4 : Comment se d\u00e9roule le processus de certification Chapitre 5 : Evaluation du module \u00a0","rel":"","context":"Article similaire","block_context":{"text":"Article similaire","link":""},"img":{"alt_text":"","src":"","width":0,"height":0},"classes":[]},{"id":913,"url":"https:\/\/avrsi.fr\/avrsi\/lami-du-cssi-les-mises-a-jour-le-tarif\/","url_meta":{"origin":17,"position":2},"title":"LAMI du CSSI : Les mises \u00e0 jour &#8211; le tarif","author":"sylvere","date":"20 septembre 2017","format":false,"excerpt":"Les mises \u00e0 jour Comme je le soulignai pr\u00e9c\u00e9demment, Rome ne\u00a0s'est pas fait en 1 jour, les fonctionnalit\u00e9s\u00a0que je vous ai pr\u00e9sent\u00e9es sont celles qui me semblent \u00eatre \u00e0 r\u00e9aliser au plus t\u00f4t. C'est ce qui sera disponible au public \u00e0 partir du 25 d\u00e9cembre 2017 date de la sortie\u2026","rel":"","context":"Article similaire","block_context":{"text":"Article similaire","link":""},"img":{"alt_text":"20295255_blog","src":"https:\/\/i0.wp.com\/avrsi.fr\/avrsi\/wp-content\/uploads\/2017\/09\/20295255_blog-281x300.jpg?resize=350%2C200","width":350,"height":200},"classes":[]},{"id":187,"url":"https:\/\/avrsi.fr\/avrsi\/merci-de-vous-etre-abonnes-a-la-reglementation-en-pdf\/","url_meta":{"origin":17,"position":3},"title":"Merci de vous \u00eatre abonn\u00e9 \u00e0 la r\u00e9glementation en PDF","author":"sylvere","date":"5 f\u00e9vrier 2016","format":false,"excerpt":"Vous allez bient\u00f4t recevoir votre lien de t\u00e9l\u00e9chargement personnalis\u00e9 Vous serez contact\u00e9 par mail pour \u00eatre inform\u00e9 de mises \u00e0 jours des PDF ainsi que\u00a0la synth\u00e8se mensuelle de la veille r\u00e9glementaire Pour finaliser vos PDF et recevoir le lien, merci de remplir ce petit formulaire Chargement en cours... Si vous\u2026","rel":"","context":"Article similaire","block_context":{"text":"Article similaire","link":""},"img":{"alt_text":"","src":"","width":0,"height":0},"classes":[]},{"id":906,"url":"https:\/\/avrsi.fr\/avrsi\/en-quoi-lami-peut-vous-aider\/","url_meta":{"origin":17,"position":4},"title":"En quoi LAMI du CSSI peut vous aider ?","author":"sylvere","date":"20 septembre 2017","format":false,"excerpt":"L'objectif vous l'aurez compris est de vous soulager dans l'exercice de la mission de Coordination SSI. Ce logiciel est TRES ambitieux. L'objectif est qu'il vous accompagne tout au long de la mission. En faisant pour vous toutes les op\u00e9rations les plus laborieuses les plus r\u00e9barbatives. Bien sur je ne suis\u2026","rel":"","context":"Article similaire","block_context":{"text":"Article similaire","link":""},"img":{"alt_text":"","src":"https:\/\/i0.wp.com\/avrsi.fr\/avrsi\/wp-content\/uploads\/2017\/09\/20295255_blog-281x300.jpg?resize=350%2C200","width":350,"height":200},"classes":[]},{"id":34,"url":"https:\/\/avrsi.fr\/avrsi\/optimisation-du-temps\/","url_meta":{"origin":17,"position":5},"title":"Optimisation du temps","author":"sylvere","date":"25 janvier 2016","format":false,"excerpt":"Gr\u00e2ce aux outils Google","rel":"","context":"Article similaire","block_context":{"text":"Article similaire","link":""},"img":{"alt_text":"","src":"","width":0,"height":0},"classes":[]}],"_links":{"self":[{"href":"https:\/\/avrsi.fr\/avrsi\/wp-json\/wp\/v2\/pages\/17","targetHints":{"allow":["GET"]}}],"collection":[{"href":"https:\/\/avrsi.fr\/avrsi\/wp-json\/wp\/v2\/pages"}],"about":[{"href":"https:\/\/avrsi.fr\/avrsi\/wp-json\/wp\/v2\/types\/page"}],"author":[{"embeddable":true,"href":"https:\/\/avrsi.fr\/avrsi\/wp-json\/wp\/v2\/users\/1"}],"replies":[{"embeddable":true,"href":"https:\/\/avrsi.fr\/avrsi\/wp-json\/wp\/v2\/comments?post=17"}],"version-history":[{"count":4,"href":"https:\/\/avrsi.fr\/avrsi\/wp-json\/wp\/v2\/pages\/17\/revisions"}],"predecessor-version":[{"id":164,"href":"https:\/\/avrsi.fr\/avrsi\/wp-json\/wp\/v2\/pages\/17\/revisions\/164"}],"wp:attachment":[{"href":"https:\/\/avrsi.fr\/avrsi\/wp-json\/wp\/v2\/media?parent=17"}],"curies":[{"name":"wp","href":"https:\/\/api.w.org\/{rel}","templated":true}]}}