{"id":174,"date":"2016-02-05T16:33:15","date_gmt":"2016-02-05T15:33:15","guid":{"rendered":"http:\/\/avrsi.fr\/avrsi\/?page_id=174"},"modified":"2025-11-26T12:31:29","modified_gmt":"2025-11-26T11:31:29","slug":"version-en-cours","status":"publish","type":"page","link":"https:\/\/avrsi.fr\/avrsi\/version-en-cours\/","title":{"rendered":"Version en cours"},"content":{"rendered":"\n<figure class=\"wp-block-table\">\n<table style=\"width: 100%; height: 276px;\">\n<tbody>\n<tr style=\"height: 23px;\">\n<td style=\"height: 23px;\">\u00a0<\/td>\n<td style=\"height: 23px;\">Version R\u00e9glementaire<\/td>\n<td style=\"height: 23px;\">Version du PDF<\/td>\n<\/tr>\n<tr style=\"height: 23px;\">\n<td style=\"height: 23px;\"><span style=\"color: #000000;\"><strong>ERP-1er-groupe.pdf<\/strong><\/span><\/td>\n<td style=\"height: 23px;\"><span style=\"color: #ff0000;\">28 f\u00e9vrier 2025<\/span><\/td>\n<td style=\"height: 23px;\"><span style=\"color: #ff0000;\"><span style=\"color: #ff0000;\">3 mars 2025<\/span><\/span><\/td>\n<\/tr>\n<tr style=\"height: 23px;\">\n<td style=\"height: 23px;\"><span style=\"color: #000000;\"><strong>ERP-2eme-groupe.pdf<\/strong><\/span><\/td>\n<td style=\"height: 23px;\"><span style=\"color: #ff0000;\">17 mai 2024<\/span><\/td>\n<td style=\"height: 23px;\"><span style=\"color: #ff0000;\">27 mai 2024<\/span><\/td>\n<\/tr>\n<tr style=\"height: 23px;\">\n<td style=\"height: 23px;\"><span style=\"color: #000000;\"><strong>ERP-speciaux.pdf<\/strong><\/span><\/td>\n<td style=\"height: 23px;\"><span style=\"color: #ff0000;\">27 mars 2025<\/span><\/td>\n<td style=\"height: 23px;\"><span style=\"color: #ff0000;\">31 mars 2025<\/span><\/td>\n<\/tr>\n<tr style=\"height: 23px;\">\n<td style=\"height: 23px;\"><span style=\"color: #000000;\"><strong>CCH.pdf<\/strong><\/span><\/td>\n<td style=\"height: 23px;\"><span style=\"color: #ff0000;\">21 novembre 2025<\/span><\/td>\n<td style=\"height: 23px;\"><span style=\"color: #ff0000;\">26 novembre 2025<\/span><\/td>\n<\/tr>\n<tr style=\"height: 23px;\">\n<td style=\"height: 23px;\"><span style=\"color: #000000;\"><strong>IGH.pdf<\/strong><\/span><\/td>\n<td style=\"height: 23px;\"><span style=\"color: #000000;\">17 mai 2024<\/span><\/td>\n<td style=\"height: 23px;\"><span style=\"color: #000000;\">27 mai 2024<\/span><\/td>\n<\/tr>\n<tr style=\"height: 23px;\">\n<td style=\"height: 23px;\"><span style=\"color: #000000;\"><strong>Code-du-travail.pdf<\/strong><\/span><\/td>\n<td style=\"height: 23px;\"><span style=\"color: #000000;\">1 juillet 2021<\/span><\/td>\n<td style=\"height: 23px;\"><span style=\"color: #000000;\">3 ao\u00fbt 2021<\/span><\/td>\n<\/tr>\n<tr style=\"height: 23px;\">\n<td style=\"height: 23px;\"><span style=\"color: #000000;\"><strong>Habitation.pdf<\/strong><\/span><\/td>\n<td style=\"height: 23px;\"><span style=\"color: #000000;\">13 ao\u00fbt 2021<\/span><\/td>\n<td style=\"height: 23px;\"><span style=\"color: #000000;\">20 ao\u00fbt 2021 <\/span><\/td>\n<\/tr>\n<tr style=\"height: 23px;\">\n<td style=\"height: 23px;\"><span style=\"color: #000000;\"><strong>IT 246<\/strong><\/span><\/td>\n<td style=\"height: 23px;\"><span style=\"color: #000000;\">22 novembre\u00a02004<\/span><\/td>\n<td style=\"height: 23px;\"><span style=\"color: #000000;\">9 d\u00e9cembre 2016<\/span><\/td>\n<\/tr>\n<tr style=\"height: 23px;\">\n<td style=\"height: 23px;\"><span style=\"color: #000000;\"><strong>IT 250<\/strong><\/span><\/td>\n<td style=\"height: 23px;\"><span style=\"color: #000000;\">1 juillet 2015<\/span><\/td>\n<td style=\"height: 23px;\"><span style=\"color: #000000;\">1 juillet 2015<\/span><\/td>\n<\/tr>\n<tr style=\"height: 23px;\">\n<td style=\"height: 23px;\"><strong><span style=\"color: #000000;\">IT 263<\/span><\/strong><\/td>\n<td style=\"height: 23px;\"><span style=\"color: #000000;\">22 mars 2004<\/span><\/td>\n<td style=\"height: 23px;\"><span style=\"color: #000000;\">29 septembre 2016<\/span><\/td>\n<\/tr>\n<tr style=\"height: 23px;\">\n<td style=\"height: 23px;\">Somme de contr\u00f4le<\/td>\n<td style=\"height: 23px;\"><span style=\"color: #000000;\"><strong>R211125<\/strong><\/span><\/td>\n<td style=\"height: 23px;\"><span style=\"color: #000000;\"><strong>P261125<\/strong><\/span><\/td>\n<\/tr>\n<\/tbody>\n<\/table>\n<\/figure>\n\n\n\n<p><strong>Somme de controle :<\/strong><\/p>\n\n\n\n<p><span style=\"color: #000000;\">Dans les documents que vous t\u00e9l\u00e9chargez, vous avez un fichier pdf qui contient le tableau ci-dessus il se nomme AVRSI-version en cours-xxxx.pdf<span style=\"color: #ffffff;\">.<\/span><\/span><br><span style=\"color: #000000;\"> Vous pouvez en venant sur cette page v\u00e9rifier facilement si vous avez une besoin de t\u00e9l\u00e9charger de nouveau les fichiers.<\/span><\/p>\n\n\n\n<p><span style=\"color: #000000;\">Pour savoir si vous \u00eates \u00e0 jour pour chaque fichier, regardez la date de la version indiqu\u00e9e sur la premi\u00e8re page.<\/span><br><span style=\"color: #000000;\"> En haut vous avez la date de la derni\u00e8re am\u00e9lioration du support.<\/span><br><span style=\"color: #000000;\"> En bas la date indique la derni\u00e8re mise \u00e0 jour r\u00e9glementaire.<\/span><\/p>\n\n\n\n<p><strong>Version pdf :<\/strong><\/p>\n\n\n\n<p>C&rsquo;est date de la derni\u00e8re am\u00e9lioration du support<\/p>\n\n\n\n<p><strong>Version r\u00e9glementaire :<\/strong><\/p>\n\n\n\n<p>C&rsquo;est la date de la derni\u00e8re modification r\u00e9glementaire<\/p>\n\n\n\n<p><strong>Sortie des nouvelles versions<\/strong><\/p>\n\n\n\n<p>Version r\u00e9glementaire<\/p>\n\n\n\n<ul class=\"wp-block-list\">\n<li>soit t\u00e9l\u00e9charger la derni\u00e8re version en utilisant le lien que vous avez recu.<\/li>\n\n\n\n<li>soit attendre la prochaine version qui vous sera envoy\u00e9e dans la semaine<strong> pr\u00e9c\u00e9dant la date d&rsquo;application<\/strong> s&rsquo;il y a un d\u00e9lai avant la date d&rsquo;application, sinon elle sera disponible dans la semaine suivant la date d&rsquo;application.<\/li>\n<\/ul>\n\n\n\n<p><strong>Version du support<\/strong><\/p>\n\n\n\n<p>Nous am\u00e9liorons r\u00e9guli\u00e8rement les pdf, vous serez pr\u00e9venus par mail.<\/p>\n<div class=\"pvc_clear\"><\/div><p id=\"pvc_stats_174\" class=\"pvc_stats all  \" data-element-id=\"174\" style=\"\"><i class=\"pvc-stats-icon medium\" aria-hidden=\"true\"><svg aria-hidden=\"true\" focusable=\"false\" data-prefix=\"far\" data-icon=\"chart-bar\" role=\"img\" xmlns=\"http:\/\/www.w3.org\/2000\/svg\" viewBox=\"0 0 512 512\" class=\"svg-inline--fa fa-chart-bar fa-w-16 fa-2x\"><path fill=\"currentColor\" d=\"M396.8 352h22.4c6.4 0 12.8-6.4 12.8-12.8V108.8c0-6.4-6.4-12.8-12.8-12.8h-22.4c-6.4 0-12.8 6.4-12.8 12.8v230.4c0 6.4 6.4 12.8 12.8 12.8zm-192 0h22.4c6.4 0 12.8-6.4 12.8-12.8V140.8c0-6.4-6.4-12.8-12.8-12.8h-22.4c-6.4 0-12.8 6.4-12.8 12.8v198.4c0 6.4 6.4 12.8 12.8 12.8zm96 0h22.4c6.4 0 12.8-6.4 12.8-12.8V204.8c0-6.4-6.4-12.8-12.8-12.8h-22.4c-6.4 0-12.8 6.4-12.8 12.8v134.4c0 6.4 6.4 12.8 12.8 12.8zM496 400H48V80c0-8.84-7.16-16-16-16H16C7.16 64 0 71.16 0 80v336c0 17.67 14.33 32 32 32h464c8.84 0 16-7.16 16-16v-16c0-8.84-7.16-16-16-16zm-387.2-48h22.4c6.4 0 12.8-6.4 12.8-12.8v-70.4c0-6.4-6.4-12.8-12.8-12.8h-22.4c-6.4 0-12.8 6.4-12.8 12.8v70.4c0 6.4 6.4 12.8 12.8 12.8z\" class=\"\"><\/path><\/svg><\/i> <img data-recalc-dims=\"1\" loading=\"lazy\" decoding=\"async\" width=\"16\" height=\"16\" alt=\"Loading\" src=\"https:\/\/i0.wp.com\/avrsi.fr\/avrsi\/wp-content\/plugins\/page-views-count\/ajax-loader-2x.gif?resize=16%2C16&#038;ssl=1\" border=0 \/><\/p><div class=\"pvc_clear\"><\/div>","protected":false},"excerpt":{"rendered":"<p>\u00a0 Version R\u00e9glementaire Version du PDF ERP-1er-groupe.pdf 28 f\u00e9vrier 2025 3 mars 2025 ERP-2eme-groupe.pdf 17 mai 2024 27 mai 2024 ERP-speciaux.pdf 27 mars 2025 31 mars 2025 CCH.pdf 21 novembre 2025 26 novembre 2025 IGH.pdf 17 mai 2024 27 mai<\/p>\n<div class=\"pvc_clear\"><\/div>\n<p id=\"pvc_stats_174\" class=\"pvc_stats all  \" data-element-id=\"174\" style=\"\"><i class=\"pvc-stats-icon medium\" aria-hidden=\"true\"><svg aria-hidden=\"true\" focusable=\"false\" data-prefix=\"far\" data-icon=\"chart-bar\" role=\"img\" xmlns=\"http:\/\/www.w3.org\/2000\/svg\" viewBox=\"0 0 512 512\" class=\"svg-inline--fa fa-chart-bar fa-w-16 fa-2x\"><path fill=\"currentColor\" d=\"M396.8 352h22.4c6.4 0 12.8-6.4 12.8-12.8V108.8c0-6.4-6.4-12.8-12.8-12.8h-22.4c-6.4 0-12.8 6.4-12.8 12.8v230.4c0 6.4 6.4 12.8 12.8 12.8zm-192 0h22.4c6.4 0 12.8-6.4 12.8-12.8V140.8c0-6.4-6.4-12.8-12.8-12.8h-22.4c-6.4 0-12.8 6.4-12.8 12.8v198.4c0 6.4 6.4 12.8 12.8 12.8zm96 0h22.4c6.4 0 12.8-6.4 12.8-12.8V204.8c0-6.4-6.4-12.8-12.8-12.8h-22.4c-6.4 0-12.8 6.4-12.8 12.8v134.4c0 6.4 6.4 12.8 12.8 12.8zM496 400H48V80c0-8.84-7.16-16-16-16H16C7.16 64 0 71.16 0 80v336c0 17.67 14.33 32 32 32h464c8.84 0 16-7.16 16-16v-16c0-8.84-7.16-16-16-16zm-387.2-48h22.4c6.4 0 12.8-6.4 12.8-12.8v-70.4c0-6.4-6.4-12.8-12.8-12.8h-22.4c-6.4 0-12.8 6.4-12.8 12.8v70.4c0 6.4 6.4 12.8 12.8 12.8z\" class=\"\"><\/path><\/svg><\/i> <img loading=\"lazy\" decoding=\"async\" width=\"16\" height=\"16\" alt=\"Loading\" src=\"https:\/\/avrsi.fr\/avrsi\/wp-content\/plugins\/page-views-count\/ajax-loader-2x.gif\" border=0 \/><\/p>\n<div class=\"pvc_clear\"><\/div>\n","protected":false},"author":1,"featured_media":0,"parent":0,"menu_order":0,"comment_status":"closed","ping_status":"closed","template":"","meta":{"_bbp_topic_count":0,"_bbp_reply_count":0,"_bbp_total_topic_count":0,"_bbp_total_reply_count":0,"_bbp_voice_count":0,"_bbp_anonymous_reply_count":0,"_bbp_topic_count_hidden":0,"_bbp_reply_count_hidden":0,"_bbp_forum_subforum_count":0,"_exactmetrics_skip_tracking":false,"_exactmetrics_sitenote_active":false,"_exactmetrics_sitenote_note":"","_exactmetrics_sitenote_category":0,"footnotes":""},"class_list":["post-174","page","type-page","status-publish","hentry"],"aioseo_notices":[],"a3_pvc":{"activated":true,"total_views":1578,"today_views":0},"jetpack_sharing_enabled":true,"jetpack_shortlink":"https:\/\/wp.me\/P7cIFZ-2O","jetpack-related-posts":[{"id":218,"url":"https:\/\/avrsi.fr\/avrsi\/merci-de-vouloir-tester-dinliste\/","url_meta":{"origin":174,"position":0},"title":"Merci de vouloir tester DINListe","author":"sylvere","date":"10 f\u00e9vrier 2016","format":false,"excerpt":"Vous allez recevoir ( si ce n'est d\u00e9j\u00e0 fait) un E-mail avec le lien de t\u00e9l\u00e9chargement de la version compl\u00e8te (GRATUITE pendant la p\u00e9riode d'essai de 30j) J'esp\u00e8re que ce logiciel vous aidera comme il m'aide moi au quotidien. Tres Cordialement Sylv\u00e8re LOYAN","rel":"","context":"Article similaire","block_context":{"text":"Article similaire","link":""},"img":{"alt_text":"","src":"","width":0,"height":0},"classes":[]},{"id":953,"url":"https:\/\/avrsi.fr\/avrsi\/lami-du-cssi-en-details\/","url_meta":{"origin":174,"position":1},"title":"LAMI du CSSI &#8211; En avant-premi\u00e8re","author":"sylvere","date":"20 octobre 2017","format":false,"excerpt":"Voici quelques captures d'\u00e9cran de la version en cours de d\u00e9veloppement par d\u00e9finition ... ca va \u00e9voluer Tableau de Bord Il \u00e9voluera par collaborateur avec l'avancement des op\u00e9rations et un acces direct vers les op\u00e9rations r\u00e9centes Administration Gestion des clients Gestion des Sites Un client peut avoir plusieurs sites Gestion\u2026","rel":"","context":"Article similaire","block_context":{"text":"Article similaire","link":""},"img":{"alt_text":"","src":"https:\/\/i0.wp.com\/avrsi.fr\/avrsi\/wp-content\/uploads\/2017\/10\/0-tableau-de-bord1-300x172.png?resize=350%2C200","width":350,"height":200},"classes":[]}],"_links":{"self":[{"href":"https:\/\/avrsi.fr\/avrsi\/wp-json\/wp\/v2\/pages\/174","targetHints":{"allow":["GET"]}}],"collection":[{"href":"https:\/\/avrsi.fr\/avrsi\/wp-json\/wp\/v2\/pages"}],"about":[{"href":"https:\/\/avrsi.fr\/avrsi\/wp-json\/wp\/v2\/types\/page"}],"author":[{"embeddable":true,"href":"https:\/\/avrsi.fr\/avrsi\/wp-json\/wp\/v2\/users\/1"}],"replies":[{"embeddable":true,"href":"https:\/\/avrsi.fr\/avrsi\/wp-json\/wp\/v2\/comments?post=174"}],"version-history":[{"count":36,"href":"https:\/\/avrsi.fr\/avrsi\/wp-json\/wp\/v2\/pages\/174\/revisions"}],"predecessor-version":[{"id":1436,"href":"https:\/\/avrsi.fr\/avrsi\/wp-json\/wp\/v2\/pages\/174\/revisions\/1436"}],"wp:attachment":[{"href":"https:\/\/avrsi.fr\/avrsi\/wp-json\/wp\/v2\/media?parent=174"}],"curies":[{"name":"wp","href":"https:\/\/api.w.org\/{rel}","templated":true}]}}