{"id":184,"date":"2016-02-05T17:08:44","date_gmt":"2016-02-05T16:08:44","guid":{"rendered":"http:\/\/avrsi.fr\/avrsi\/?page_id=184"},"modified":"2017-09-25T17:02:13","modified_gmt":"2017-09-25T16:02:13","slug":"mentions-legales-cgv","status":"publish","type":"page","link":"https:\/\/avrsi.fr\/avrsi\/mentions-legales-cgv\/","title":{"rendered":"Mentions L\u00e9gales &#8211; CGV"},"content":{"rendered":"<h2>Mentions L\u00e9gales<\/h2>\n<p><strong>AVRSI<\/strong> &#8211; Assistance Veille Reglementaire en S\u00e9curit\u00e9 Incendie<br \/>\nwww.avrsi.fr<\/p>\n<p>Directeur de la publication : Sylv\u00e8re LOYAN<br \/>\nAdresse :<br \/>\nAVRSI\u00a0 &#8211; \u00ab\u00a0Les hauts tronchais\u00a0\u00bb<br \/>\n72160 THORIGNE SUR DUE<br \/>\nTel : 02 43 82 69 57<br \/>\nE-Mail : <a href=\"mailto:mail@avrsi.fr\">mail@avrsi.fr<\/a><\/p>\n<p>SIRET : 810668657 00010<br \/>\nNum\u00e9ro d&rsquo;identification TVA : FR61 810668657<br \/>\nEURL<\/p>\n<p><strong>H\u00e9bergement<\/strong><\/p>\n<p>avrsi.fr est actuellement h\u00e9berg\u00e9 par<br \/>\nOVH<br \/>\n140 quai du sartel<br \/>\n59100 Roubaix<\/p>\n<p><strong>Conception :<\/strong><br \/>\nAVRSI<br \/>\n\u00ab\u00a0Les hauts tronchais\u00a0\u00bb<br \/>\n72160 THORIGNE SUR DUE<\/p>\n<h2>Conditions G\u00e9n\u00e9rales de Ventes<\/h2>\n<p>Les pr\u00e9sentes conditions de vente sont conclues d&rsquo;une part par l&rsquo;Entreprise AVRSI dont le si\u00e8ge social est \u00e0 THORIGNE SUR DUE, sous le num\u00e9ro SIREN 810668657 et d&rsquo;autre part, par toute personne physique ou morale souhaitant proc\u00e9der \u00e0 un achat via le site Internet de \u00ab\u00a0AVRSI \u00a0\u00bb www.avrsi.fr\u00a0\u00bb d\u00e9nomm\u00e9e ci-apr\u00e8s \u00a0\u00bb l&rsquo;acheteur \u00ab\u00a0.<\/p>\n<p><strong>Objet<\/strong><br \/>\nLes pr\u00e9sentes conditions de vente visent \u00e0 d\u00e9finir les relations contractuelles entre AVRSI et l&rsquo;acheteur et les conditions applicables \u00e0 tout achat effectu\u00e9 par le biais du site \u00a0\u00bb www.avrsi.fr\u00a0\u00bb, que l&rsquo;acheteur soit professionnel ou consommateur.<br \/>\nL&rsquo;acquisition d&rsquo;un service \u00e0 travers le pr\u00e9sent site implique une acceptation sans r\u00e9serve par l&rsquo;acheteur des pr\u00e9sentes conditions de vente.<br \/>\nCes conditions de vente pr\u00e9vaudront sur toutes autres conditions g\u00e9n\u00e9rales ou particuli\u00e8res non express\u00e9ment agr\u00e9\u00e9es par AVRSI.<br \/>\nAVRSI se r\u00e9serve de pouvoir modifier ses conditions de vente \u00e0 tout moment. Dans ce cas, les conditions applicables seront celles en vigueur \u00e0 la date de la commande par l&rsquo;acheteur.<\/p>\n<p><strong>Caract\u00e9ristiques des biens et services propos\u00e9s<br \/>\n<\/strong>Les services offerts sont ceux qui figurent dans le site de\u00a0 \u00a0\u00bb www.avrsi.fr\u00a0\u00bb<br \/>\nLes photographies du catalogue sont les plus fid\u00e8les possibles mais ne peuvent assurer une similitude parfaite avec le produit offert, notamment en si la r\u00e9glementation change ou si l&rsquo;ergonomie change.<\/p>\n<h3><strong>Abonnement\u00a0<\/strong><\/h3>\n<p>veille \/ r\u00e9glementation PDF :\u00a0 L&rsquo;abonnement annuel est de 500\u20acHT, Il est pr\u00e9vu par tacite reconduction.<\/p>\n<p>LAMI du CSSI : L&rsquo;abonnement annuel est de 500\u20acHT (base) +100\u20acHT(par poste utilisateur)\u00a0Il est pr\u00e9vu par tacite reconduction.<\/p>\n<p>La mise \u00e0 disposition des documents est d\u00fbe au plus tard 1 mois apr\u00e8s le paiement. Le prix final est le prix TTC en euro tenant compte de la TVA applicable au jour de la commande; tout changement du taux pourra \u00eatre r\u00e9percut\u00e9 sur le prix des services.<br \/>\nAVRSI se r\u00e9serve le droit de modifier ses prix \u00e0 tout moment, \u00e9tant toutefois entendu que le prix figurant sur le site le jour de la commande sera le seul applicable \u00e0 l&rsquo;acheteur.<\/p>\n<p>L&rsquo;acheteur, qui souhaite obtenir le service doit obligatoirement :<\/p>\n<ul>\n<li>remplir la fiche d&rsquo;identification sur laquelle il indiquera toutes les coordonn\u00e9es demand\u00e9es sur le site internet<\/li>\n<li>confirmer son abonnement par son r\u00e8glement.<\/li>\n<\/ul>\n<p>La confirmation du r\u00e8glement entra\u00eene acceptation des pr\u00e9sentes conditions de vente, la reconnaissance d&rsquo;en avoir parfaite connaissance et la renonciation \u00e0 se pr\u00e9valoir de ses propres conditions d&rsquo;achat ou d&rsquo;autres conditions. L&rsquo;ensemble des donn\u00e9es fournies et la confirmation enregistr\u00e9e vaudront preuve de la transaction. La confirmation vaudra signature et acceptation des op\u00e9rations effectu\u00e9es. Le vendeur communiquera par courrier \u00e9lectronique confirmation de l&rsquo;abonnement enregistr\u00e9.<\/p>\n<p><strong>Limite d&rsquo;utilisation &#8211; Licence Veille<\/strong><\/p>\n<p>Tous les personnes physiques d&rsquo;une m\u00eame structure (soci\u00e9t\u00e9&#8230;) travaillant dans une m\u00eame soci\u00e9t\u00e9, ont l&rsquo;autorisation d&rsquo;utilisation de tous les documents transmis par le vendeur sur tous leurs supports informatiques.\u00a0 L&rsquo;abonnement est valable par soci\u00e9t\u00e9. L&rsquo;acheteur n&rsquo;est pas autoris\u00e9s \u00e0 diffuser les documents pour des collaborateurs d&rsquo;une autre structure. <strong>S&rsquo;il est constat\u00e9 que cette r\u00e8gle n&rsquo;est pas respect\u00e9e, l&rsquo;abonnement sera r\u00e9sili\u00e9 sans restitution du prorata de l&rsquo;abonnemen<\/strong>t.<\/p>\n<p><strong>Limite d&rsquo;utilisation &#8211; Licence LAMI du CSSI<\/strong><\/p>\n<p>Le logiciel est utilisable sur un seul poste une clef priv\u00e9e par poste est g\u00e9n\u00e9r\u00e9e. Le transfert de la licence est possible sur une autre PC, si la licence\u00a0 est d\u00e9sactiv\u00e9e sur le pr\u00e9c\u00e9dent PC. L&rsquo;abonnement est valable par soci\u00e9t\u00e9.<\/p>\n<p><strong>R\u00e9tractation <\/strong><br \/>\nLes acheteurs, personnes physiques non professionnelles, b\u00e9n\u00e9ficient d&rsquo;un d\u00e9lai de r\u00e9tractation de sept jours \u00e0 compter de la date d&rsquo;inscription sur le site, si toutefois le paiement a \u00e9t\u00e9 effectu\u00e9 dans ce d\u00e9lais, il sera int\u00e9gralement rembours\u00e9.<\/p>\n<p><strong>R\u00e9siliation veille<\/strong><br \/>\nSi toutefois vous souhaitez vous d\u00e9sabonner, il vous suffit de nous pr\u00e9venir soit par lettre recommand\u00e9e au plus tard 2 mois avant la date d&rsquo;expiration de votre abonnement. Le service sera alors assur\u00e9 jusqu&rsquo;\u00e0 la date d&rsquo;anniversaire de votre abonnement. Si l&rsquo;encaissement ne peut \u00eatre effectu\u00e9, vous avez 30 jours apr\u00e8s la date anniversaire pour r\u00e9gulariser le paiement, au del\u00e0 duquel votre compte et vos acc\u00e8s seront supprim\u00e9s<\/p>\n<p><strong>R\u00e9siliation LAMI Du CSSI<\/strong><br \/>\nSi toutefois vous souhaitez vous d\u00e9sabonner, il vous suffit de nous pr\u00e9venir soit par lettre recommand\u00e9e au plus tard 2 mois avant la date d&rsquo;expiration de votre abonnement. Le service sera alors assur\u00e9 jusqu&rsquo;\u00e0 la date d&rsquo;anniversaire de votre abonnement. Si l&rsquo;encaissement ne peut \u00eatre effectu\u00e9, vous avez 30 jours apr\u00e8s la date anniversaire pour r\u00e9gulariser le paiement, au del\u00e0 duquel votre compte et vos acc\u00e8s seront supprim\u00e9s<\/p>\n<p><strong>Modalit\u00e9s de paiement<\/strong><br \/>\nLe prix est exigible \u00e0 la commande.<br \/>\nLes paiements seront effectu\u00e9s par carte bancaire ou tout autre moyen de paiement pr\u00e9vu sur le site internet ;<br \/>\nLes paiements effectu\u00e9s par carte bancaire, seront r\u00e9alis\u00e9s par le biais de syst\u00e8me s\u00e9curis\u00e9<\/p>\n<ul>\n<li>paypal qui utilise le protocole SSL \u00a0\u00bbSecure Socket Layer\u00a0\u00bb de telle sorte que les informations transmises sont crypt\u00e9es par un logiciel et qu&rsquo;aucun tiers ne peut en prendre connaissance au cours du transport sur le r\u00e9seau.<\/li>\n<li>payplug qui utilise 3D-Secure<br \/>\n3D-Secure (ou 3DS) prot\u00e8ge les marchands et les acheteurs contre l&rsquo;utilisation frauduleuse de cartes bancaires en ajoutant un deuxi\u00e8me niveau de s\u00e9curit\u00e9 lors de la finalisation d&rsquo;un paiement. Il permet ainsi d&rsquo;authentifier avec certitude le porteur de la carte.\u00a0Apr\u00e8s avoir rentr\u00e9 ses coordonn\u00e9es bancaires, vous \u00eates\u00a0redirig\u00e9 vers le site de votre \u00a0banque et \u00a0devez confirmez \u00eatre le porteur de la carte utilis\u00e9e pour le paiement via\u00a0une m\u00e9thode d&rsquo;authentification : code envoy\u00e9 par SMS ou bien saisie de la date de naissance.<\/li>\n<\/ul>\n<p>Une facture sera envoy\u00e9e par mail \u00e0 l&rsquo;acheteur. \u00c0 sa demande, il lui sera adress\u00e9e une facture sur papier faisant ressortir la TVA.<\/p>\n<p><strong>T\u00e9l\u00e9chargement <\/strong><br \/>\nIl appartient \u00e0 l&rsquo;acheteur de t\u00e9l\u00e9charger les documents d\u00e8s r\u00e9ception du lien de t\u00e9l\u00e9chargement ou par tout autre moyen d\u00e9fini sur le site internet.<\/p>\n<p><strong>Responsabilit\u00e9<\/strong><br \/>\nLe vendeur, dans le processus de vente en ligne, n&rsquo;est tenu que par une obligation de moyen ; sa responsabilit\u00e9 ne pourra \u00eatre engag\u00e9e pour un dommage r\u00e9sultant de l&rsquo;utilisation du r\u00e9seau Internet tel que perte de donn\u00e9es, intrusion, virus, rupture du service, ou autres probl\u00e8mes involontaires.<br \/>\nLes documents fournis par AVRSI, sont mis \u00e0 jour par la lecture quotidienne du JO, AVRSI ne peut \u00eatre tenu responsable d&rsquo;une mauvaise interpr\u00e9tation des textes r\u00e9glementaires. Les documents fournis par AVRSI sont une compilation pratique multisupport des textes r\u00e9glementaires cependant, en cas de litige, seuls les documents originaux parus au journal officiel sont opposables envers tout tiers.<\/p>\n<p>Note : avrsi.fr est totalement ind\u00e9pendant de tous les logiciels de visualisation des PDF ou Tiers (dropbox&#8230;). Les \u00e9ventuels probl\u00e8mes d&rsquo;utilisation de ces logiciels sont sous la responsabilit\u00e9 de leurs d\u00e9veloppeurs respectifs. Merci de vous rendre sur leur site internet pour conna\u00eetre leur fonctionnement.<\/p>\n<p><strong>Qualit\u00e9<\/strong><br \/>\nNous sommes vigilants sur la qualit\u00e9 des documents, cependant si toutefois vous remarquez une coquille, merci de nous la signaler par mail, afin que nous la traitions.<\/p>\n<p><strong>Propri\u00e9t\u00e9 intellectuelle <\/strong><br \/>\nTous les \u00e9l\u00e9ments du site \u00ab\u00a0www.avrsi.fr\u00a0\u00bb de AVRSI sont et restent la propri\u00e9t\u00e9 intellectuelle et exclusive de AVRSI.<br \/>\nPersonne n&rsquo;est autoris\u00e9 \u00e0 reproduire, exploiter, rediffuser, ou utiliser \u00e0 quelque titre que ce soit, m\u00eame partiellement, des \u00e9l\u00e9ments du site qu&rsquo;ils soient logiciels, visuels ou sonores.<\/p>\n<p><strong>Protection et traitement des donn\u00e9es \u00e0 caract\u00e8re personnel<\/strong><br \/>\nCette rubrique contient les informations concernant la politique d&rsquo;AVRSI vis \u00e0 vis des donn\u00e9es personnelles qui peuvent \u00eatre collect\u00e9es lorsque vous lorsque vous souscrivez un abonnement \u00e0 la base de donn\u00e9es du site avrsi.fr<br \/>\nLa loi \u00ab Informatique et Libert\u00e9s \u00bb du 6 janvier 1978 a mis en place une protection des personnes vis \u00e0 vis du traitement informatique des donn\u00e9es les concernant. Les courriels, les adresses \u00e9lectroniques ou autres informations nominatives dont ce site est destinataire sont collect\u00e9s pour le besoin des services propos\u00e9s par AVRSI , notamment l\u2019inscription \u00e0 la base de donn\u00e9es du site avrsi.fr par le biais de formulaires en ligne.<br \/>\nL\u2019utilisateur fournit ces informations en toute connaissance de cause. Aucune information personnelle de l\u2019utilisateur du site www.avrsi.fr n\u2019est collect\u00e9e ou publi\u00e9e \u00e0 son insu. Acc\u00e8s aux donn\u00e9es, rectification, suppression Conform\u00e9ment \u00e0 la loi, vous disposez d\u2019un droit d\u2019acc\u00e8s, de modification, de rectification et de suppression de vos donn\u00e9es personnelles. Pour exercer ce droit, il vous suffit d\u2019en faire la demande :<\/p>\n<ul>\n<li>par courriel \u00e0 <a href=\"mailto:mail@reglementation-incendie.fr\">mail@avrsi.fr<\/a><\/li>\n<li>par courrier postal \u00e0 AVRSI \u00ab\u00a0Les hauts tronchais\u00a0\u00bb 72160 THORIGNE SUR DUE<\/li>\n<li>sur votre compte sur avrsi.fr<\/li>\n<\/ul>\n<p><em>Aucune information personnelle n&rsquo;est collect\u00e9e \u00e0 votre insu, aucune information personnelle n&rsquo;est c\u00e9d\u00e9e \u00e0 des tiers, aucune information personnelle n&rsquo;est utilis\u00e9e \u00e0 des fins non pr\u00e9vues.<\/em><\/p>\n<p>AVRSI a fait une d\u00e9claration \u00e0 la CNIL sous le n\u00b01539422<\/p>\n<p><strong>Politique de transmission des donn\u00e9es pour AVRSI :<\/strong><br \/>\nLes adresses e-mail sont conserv\u00e9es pour une dur\u00e9e ind\u00e9finie, mais peuvent \u00eatre retir\u00e9es sur simple demande \u00e0 l\u2019une des deux adresses mentionn\u00e9es ci-dessus. Nous ne transmettons en aucun cas les donn\u00e9es des utilisateurs de avrsi.fr\u00a0\u00e0 des tiers. Il est interdit aux utilisateurs des services de avrsi.fr de collecter des donn\u00e9es au sujet d\u2019autres utilisateurs, m\u00eame \u00e0 des fins personnelles. Cet acte est consid\u00e9r\u00e9 par la loi comme un d\u00e9lit (d\u00e9tournement de la finalit\u00e9 d\u2019un traitement automatique de donn\u00e9es) et peut faire l\u2019objet d\u2019une plainte par AVRSI . Pour plus d\u2019informations sur la protection des donn\u00e9es personnelles et sur le pistage qui peut \u00eatre exerc\u00e9 par les sites web, consulter le site www.cnil.fr (site de la Commission Informatique et Libert\u00e9s)<\/p>\n<p>Archivage &#8211; Preuve<br \/>\nAVRSI archivera les demandes d&rsquo;inscription et les factures sur un support fiable et durable constituant une copie fid\u00e8le conform\u00e9ment aux dispositions de l&rsquo;article 1348 du Code civil.<br \/>\nLes registres informatis\u00e9s de AVRSI seront consid\u00e9r\u00e9s comme preuve des communications, commandes, paiements et transactions intervenus entre les parties.<\/p>\n<p><strong>R\u00e8glement des litiges<\/strong><br \/>\nLes pr\u00e9sentes conditions de vente en ligne et l&rsquo;ensemble du site avrsi.fr rel\u00e8ve de la l\u00e9gislation fran\u00e7aise et internationale sur le droit d&rsquo;auteur et de la propri\u00e9t\u00e9 intellectuelle.<br \/>\nLa reproduction de tout ou partie de ce site sur un support \u00e9lectronique quel qu&rsquo;il soit est interdite sauf autorisation pr\u00e9alable (nous contacter). La reproduction des textes de ce site sur un support papier est interdite, tous les droits de reproduction sont r\u00e9serv\u00e9s, y compris pour les documents t\u00e9l\u00e9chargeables.<\/p>\n<div class=\"pvc_clear\"><\/div>\n<p id=\"pvc_stats_184\" class=\"pvc_stats all  \" data-element-id=\"184\" style=\"\"><i class=\"pvc-stats-icon medium\" aria-hidden=\"true\"><svg aria-hidden=\"true\" focusable=\"false\" data-prefix=\"far\" data-icon=\"chart-bar\" role=\"img\" xmlns=\"http:\/\/www.w3.org\/2000\/svg\" viewBox=\"0 0 512 512\" class=\"svg-inline--fa fa-chart-bar fa-w-16 fa-2x\"><path fill=\"currentColor\" d=\"M396.8 352h22.4c6.4 0 12.8-6.4 12.8-12.8V108.8c0-6.4-6.4-12.8-12.8-12.8h-22.4c-6.4 0-12.8 6.4-12.8 12.8v230.4c0 6.4 6.4 12.8 12.8 12.8zm-192 0h22.4c6.4 0 12.8-6.4 12.8-12.8V140.8c0-6.4-6.4-12.8-12.8-12.8h-22.4c-6.4 0-12.8 6.4-12.8 12.8v198.4c0 6.4 6.4 12.8 12.8 12.8zm96 0h22.4c6.4 0 12.8-6.4 12.8-12.8V204.8c0-6.4-6.4-12.8-12.8-12.8h-22.4c-6.4 0-12.8 6.4-12.8 12.8v134.4c0 6.4 6.4 12.8 12.8 12.8zM496 400H48V80c0-8.84-7.16-16-16-16H16C7.16 64 0 71.16 0 80v336c0 17.67 14.33 32 32 32h464c8.84 0 16-7.16 16-16v-16c0-8.84-7.16-16-16-16zm-387.2-48h22.4c6.4 0 12.8-6.4 12.8-12.8v-70.4c0-6.4-6.4-12.8-12.8-12.8h-22.4c-6.4 0-12.8 6.4-12.8 12.8v70.4c0 6.4 6.4 12.8 12.8 12.8z\" class=\"\"><\/path><\/svg><\/i> <img data-recalc-dims=\"1\" loading=\"lazy\" decoding=\"async\" width=\"16\" height=\"16\" alt=\"Loading\" src=\"https:\/\/i0.wp.com\/avrsi.fr\/avrsi\/wp-content\/plugins\/page-views-count\/ajax-loader-2x.gif?resize=16%2C16&#038;ssl=1\" border=0 \/><\/p>\n<div class=\"pvc_clear\"><\/div>\n","protected":false},"excerpt":{"rendered":"<p>Mentions L\u00e9gales AVRSI &#8211; Assistance Veille Reglementaire en S\u00e9curit\u00e9 Incendie www.avrsi.fr Directeur de la publication : Sylv\u00e8re LOYAN Adresse : AVRSI\u00a0 &#8211; \u00ab\u00a0Les hauts tronchais\u00a0\u00bb 72160 THORIGNE SUR DUE Tel : 02 43 82 69 57 E-Mail : mail@avrsi.fr SIRET<\/p>\n<div class=\"pvc_clear\"><\/div>\n<p id=\"pvc_stats_184\" class=\"pvc_stats all  \" data-element-id=\"184\" style=\"\"><i class=\"pvc-stats-icon medium\" aria-hidden=\"true\"><svg aria-hidden=\"true\" focusable=\"false\" data-prefix=\"far\" data-icon=\"chart-bar\" role=\"img\" xmlns=\"http:\/\/www.w3.org\/2000\/svg\" viewBox=\"0 0 512 512\" class=\"svg-inline--fa fa-chart-bar fa-w-16 fa-2x\"><path fill=\"currentColor\" d=\"M396.8 352h22.4c6.4 0 12.8-6.4 12.8-12.8V108.8c0-6.4-6.4-12.8-12.8-12.8h-22.4c-6.4 0-12.8 6.4-12.8 12.8v230.4c0 6.4 6.4 12.8 12.8 12.8zm-192 0h22.4c6.4 0 12.8-6.4 12.8-12.8V140.8c0-6.4-6.4-12.8-12.8-12.8h-22.4c-6.4 0-12.8 6.4-12.8 12.8v198.4c0 6.4 6.4 12.8 12.8 12.8zm96 0h22.4c6.4 0 12.8-6.4 12.8-12.8V204.8c0-6.4-6.4-12.8-12.8-12.8h-22.4c-6.4 0-12.8 6.4-12.8 12.8v134.4c0 6.4 6.4 12.8 12.8 12.8zM496 400H48V80c0-8.84-7.16-16-16-16H16C7.16 64 0 71.16 0 80v336c0 17.67 14.33 32 32 32h464c8.84 0 16-7.16 16-16v-16c0-8.84-7.16-16-16-16zm-387.2-48h22.4c6.4 0 12.8-6.4 12.8-12.8v-70.4c0-6.4-6.4-12.8-12.8-12.8h-22.4c-6.4 0-12.8 6.4-12.8 12.8v70.4c0 6.4 6.4 12.8 12.8 12.8z\" class=\"\"><\/path><\/svg><\/i> <img loading=\"lazy\" decoding=\"async\" width=\"16\" height=\"16\" alt=\"Loading\" src=\"https:\/\/avrsi.fr\/avrsi\/wp-content\/plugins\/page-views-count\/ajax-loader-2x.gif\" border=0 \/><\/p>\n<div class=\"pvc_clear\"><\/div>\n","protected":false},"author":1,"featured_media":0,"parent":0,"menu_order":0,"comment_status":"closed","ping_status":"closed","template":"","meta":{"_bbp_topic_count":0,"_bbp_reply_count":0,"_bbp_total_topic_count":0,"_bbp_total_reply_count":0,"_bbp_voice_count":0,"_bbp_anonymous_reply_count":0,"_bbp_topic_count_hidden":0,"_bbp_reply_count_hidden":0,"_bbp_forum_subforum_count":0,"_exactmetrics_skip_tracking":false,"_exactmetrics_sitenote_active":false,"_exactmetrics_sitenote_note":"","_exactmetrics_sitenote_category":0,"footnotes":""},"class_list":["post-184","page","type-page","status-publish","hentry"],"aioseo_notices":[],"a3_pvc":{"activated":true,"total_views":682,"today_views":0},"jetpack_sharing_enabled":true,"jetpack_shortlink":"https:\/\/wp.me\/P7cIFZ-2Y","jetpack-related-posts":[{"id":558,"url":"https:\/\/avrsi.fr\/avrsi\/webinaire-00\/","url_meta":{"origin":184,"position":0},"title":"Webinaire 00 &#8211; juillet 2017","author":"sylvere","date":"28 f\u00e9vrier 2017","format":false,"excerpt":"Les r\u00e9ponses en live \u00e0 vos questions Poser vos questions ici pour webinaire, je vous r\u00e9ponds par mail en amont mais j'aurai peut-\u00eatre des infos compl\u00e9mentaires en live https:\/\/youtu.be\/Tz4j_5ALHBE La r\u00e9union fut riche, j'ai du coup\u00e9.... un certain nombre d'interventions... ;-))","rel":"","context":"Article similaire","block_context":{"text":"Article similaire","link":""},"img":{"alt_text":"","src":"https:\/\/i0.wp.com\/img.youtube.com\/vi\/Tz4j_5ALHBE\/0.jpg?resize=350%2C200","width":350,"height":200},"classes":[]},{"id":187,"url":"https:\/\/avrsi.fr\/avrsi\/merci-de-vous-etre-abonnes-a-la-reglementation-en-pdf\/","url_meta":{"origin":184,"position":1},"title":"Merci de vous \u00eatre abonn\u00e9 \u00e0 la r\u00e9glementation en PDF","author":"sylvere","date":"5 f\u00e9vrier 2016","format":false,"excerpt":"Vous allez bient\u00f4t recevoir votre lien de t\u00e9l\u00e9chargement personnalis\u00e9 Vous serez contact\u00e9 par mail pour \u00eatre inform\u00e9 de mises \u00e0 jours des PDF ainsi que\u00a0la synth\u00e8se mensuelle de la veille r\u00e9glementaire Pour finaliser vos PDF et recevoir le lien, merci de remplir ce petit formulaire Chargement en cours... Si vous\u2026","rel":"","context":"Article similaire","block_context":{"text":"Article similaire","link":""},"img":{"alt_text":"","src":"","width":0,"height":0},"classes":[]},{"id":891,"url":"https:\/\/avrsi.fr\/avrsi\/webinaire-01-aout-2017\/","url_meta":{"origin":184,"position":2},"title":"Webinaire 01 \u2013 Aout 2017","author":"sylvere","date":"31 ao\u00fbt 2017","format":false,"excerpt":"Les r\u00e9ponses en live \u00e0 vos questions Poser vos questions ici pour webinaire, je vous r\u00e9ponds par mail en amont mais j'aurai peut-\u00eatre des infos compl\u00e9mentaires en live https:\/\/youtu.be\/KPV3EWNgYbg Sujets : 00.00 Evaluation Module 4 02.30 Partage de documents entre concurrent 04.50 Utilisation Excel\/Google drive 06.40 Envoi du manuel qualit\u00e9\u2026","rel":"","context":"Article similaire","block_context":{"text":"Article similaire","link":""},"img":{"alt_text":"","src":"https:\/\/i0.wp.com\/img.youtube.com\/vi\/KPV3EWNgYbg\/0.jpg?resize=350%2C200","width":350,"height":200},"classes":[]},{"id":1144,"url":"https:\/\/avrsi.fr\/avrsi\/jeunersante\/","url_meta":{"origin":184,"position":3},"title":"Jeunersante","author":"sylvere","date":"8 f\u00e9vrier 2020","format":false,"excerpt":"Je\u00fbner pour sa sant\u00e9 Quels sont les b\u00e9n\u00e9fices, tout le monde peut-il je\u00fbner ? En travaillant ? Tout ce que vous avez toujours voulu savoir sur le jeune, peut-il am\u00e9liorer votre sant\u00e9 ? Conf\u00e9rence le 7 Mars 2020 - 17h00 Inscrivez-vous sur ce formulaire Si vous souhaitez venir \u00e0 une\u2026","rel":"","context":"Article similaire","block_context":{"text":"Article similaire","link":""},"img":{"alt_text":"","src":"https:\/\/i0.wp.com\/avrsi.fr\/avrsi\/wp-content\/uploads\/2020\/02\/550px-Fasting_4-Fasting-a-glass-of-water-on-an-empty-plate.jpg?resize=350%2C200","width":350,"height":200,"srcset":"https:\/\/i0.wp.com\/avrsi.fr\/avrsi\/wp-content\/uploads\/2020\/02\/550px-Fasting_4-Fasting-a-glass-of-water-on-an-empty-plate.jpg?resize=350%2C200 1x, https:\/\/i0.wp.com\/avrsi.fr\/avrsi\/wp-content\/uploads\/2020\/02\/550px-Fasting_4-Fasting-a-glass-of-water-on-an-empty-plate.jpg?resize=525%2C300 1.5x"},"classes":[]},{"id":23,"url":"https:\/\/avrsi.fr\/avrsi\/logiciels-pour-les-cssi\/","url_meta":{"origin":184,"position":4},"title":"Logiciels pour les CSSI","author":"sylvere","date":"25 janvier 2016","format":false,"excerpt":"","rel":"","context":"Article similaire","block_context":{"text":"Article similaire","link":""},"img":{"alt_text":"","src":"","width":0,"height":0},"classes":[]},{"id":943,"url":"https:\/\/avrsi.fr\/avrsi\/webinaire-02-septembre-2017\/","url_meta":{"origin":184,"position":5},"title":"Webinaire 02 &#8211; septembre 2017","author":"sylvere","date":"26 septembre 2017","format":false,"excerpt":"Les r\u00e9ponses en live \u00e0 vos questions Poser vos questions ici pour le webinaire, je vous r\u00e9ponds par mail en amont mais j'aurai peut-\u00eatre des infos compl\u00e9mentaires en live https:\/\/youtu.be\/iQ3JUCPlUGk Un petit pb technique d'enregistrement du son... c'est donc le r\u00e9sum\u00e9 du webinaire Sujets : Comment avoir le chiffre d'affaire\u2026","rel":"","context":"Article similaire","block_context":{"text":"Article similaire","link":""},"img":{"alt_text":"","src":"https:\/\/i0.wp.com\/img.youtube.com\/vi\/iQ3JUCPlUGk\/0.jpg?resize=350%2C200","width":350,"height":200},"classes":[]}],"_links":{"self":[{"href":"https:\/\/avrsi.fr\/avrsi\/wp-json\/wp\/v2\/pages\/184","targetHints":{"allow":["GET"]}}],"collection":[{"href":"https:\/\/avrsi.fr\/avrsi\/wp-json\/wp\/v2\/pages"}],"about":[{"href":"https:\/\/avrsi.fr\/avrsi\/wp-json\/wp\/v2\/types\/page"}],"author":[{"embeddable":true,"href":"https:\/\/avrsi.fr\/avrsi\/wp-json\/wp\/v2\/users\/1"}],"replies":[{"embeddable":true,"href":"https:\/\/avrsi.fr\/avrsi\/wp-json\/wp\/v2\/comments?post=184"}],"version-history":[{"count":3,"href":"https:\/\/avrsi.fr\/avrsi\/wp-json\/wp\/v2\/pages\/184\/revisions"}],"predecessor-version":[{"id":941,"href":"https:\/\/avrsi.fr\/avrsi\/wp-json\/wp\/v2\/pages\/184\/revisions\/941"}],"wp:attachment":[{"href":"https:\/\/avrsi.fr\/avrsi\/wp-json\/wp\/v2\/media?parent=184"}],"curies":[{"name":"wp","href":"https:\/\/api.w.org\/{rel}","templated":true}]}}