{"id":43,"date":"2016-01-25T10:48:39","date_gmt":"2016-01-25T09:48:39","guid":{"rendered":"http:\/\/avrsi.fr\/avrsi\/index.php\/mon-compte\/"},"modified":"2017-04-11T14:21:44","modified_gmt":"2017-04-11T13:21:44","slug":"mon-compte","status":"publish","type":"page","link":"https:\/\/avrsi.fr\/avrsi\/mon-compte\/","title":{"rendered":"Mon Compte"},"content":{"rendered":"<div class=\"woocommerce\"><\/div>\n<div class=\"pvc_clear\"><\/div>\n<p id=\"pvc_stats_43\" class=\"pvc_stats all  \" data-element-id=\"43\" style=\"\"><i class=\"pvc-stats-icon medium\" aria-hidden=\"true\"><svg aria-hidden=\"true\" focusable=\"false\" data-prefix=\"far\" data-icon=\"chart-bar\" role=\"img\" xmlns=\"http:\/\/www.w3.org\/2000\/svg\" viewBox=\"0 0 512 512\" class=\"svg-inline--fa fa-chart-bar fa-w-16 fa-2x\"><path fill=\"currentColor\" d=\"M396.8 352h22.4c6.4 0 12.8-6.4 12.8-12.8V108.8c0-6.4-6.4-12.8-12.8-12.8h-22.4c-6.4 0-12.8 6.4-12.8 12.8v230.4c0 6.4 6.4 12.8 12.8 12.8zm-192 0h22.4c6.4 0 12.8-6.4 12.8-12.8V140.8c0-6.4-6.4-12.8-12.8-12.8h-22.4c-6.4 0-12.8 6.4-12.8 12.8v198.4c0 6.4 6.4 12.8 12.8 12.8zm96 0h22.4c6.4 0 12.8-6.4 12.8-12.8V204.8c0-6.4-6.4-12.8-12.8-12.8h-22.4c-6.4 0-12.8 6.4-12.8 12.8v134.4c0 6.4 6.4 12.8 12.8 12.8zM496 400H48V80c0-8.84-7.16-16-16-16H16C7.16 64 0 71.16 0 80v336c0 17.67 14.33 32 32 32h464c8.84 0 16-7.16 16-16v-16c0-8.84-7.16-16-16-16zm-387.2-48h22.4c6.4 0 12.8-6.4 12.8-12.8v-70.4c0-6.4-6.4-12.8-12.8-12.8h-22.4c-6.4 0-12.8 6.4-12.8 12.8v70.4c0 6.4 6.4 12.8 12.8 12.8z\" class=\"\"><\/path><\/svg><\/i> <img data-recalc-dims=\"1\" loading=\"lazy\" decoding=\"async\" width=\"16\" height=\"16\" alt=\"Loading\" src=\"https:\/\/i0.wp.com\/avrsi.fr\/avrsi\/wp-content\/plugins\/page-views-count\/ajax-loader-2x.gif?resize=16%2C16&#038;ssl=1\" border=0 \/><\/p>\n<div class=\"pvc_clear\"><\/div>\n","protected":false},"excerpt":{"rendered":"<div class=\"pvc_clear\"><\/div>\n<p id=\"pvc_stats_43\" class=\"pvc_stats all  \" data-element-id=\"43\" style=\"\"><i class=\"pvc-stats-icon medium\" aria-hidden=\"true\"><svg aria-hidden=\"true\" focusable=\"false\" data-prefix=\"far\" data-icon=\"chart-bar\" role=\"img\" xmlns=\"http:\/\/www.w3.org\/2000\/svg\" viewBox=\"0 0 512 512\" class=\"svg-inline--fa fa-chart-bar fa-w-16 fa-2x\"><path fill=\"currentColor\" d=\"M396.8 352h22.4c6.4 0 12.8-6.4 12.8-12.8V108.8c0-6.4-6.4-12.8-12.8-12.8h-22.4c-6.4 0-12.8 6.4-12.8 12.8v230.4c0 6.4 6.4 12.8 12.8 12.8zm-192 0h22.4c6.4 0 12.8-6.4 12.8-12.8V140.8c0-6.4-6.4-12.8-12.8-12.8h-22.4c-6.4 0-12.8 6.4-12.8 12.8v198.4c0 6.4 6.4 12.8 12.8 12.8zm96 0h22.4c6.4 0 12.8-6.4 12.8-12.8V204.8c0-6.4-6.4-12.8-12.8-12.8h-22.4c-6.4 0-12.8 6.4-12.8 12.8v134.4c0 6.4 6.4 12.8 12.8 12.8zM496 400H48V80c0-8.84-7.16-16-16-16H16C7.16 64 0 71.16 0 80v336c0 17.67 14.33 32 32 32h464c8.84 0 16-7.16 16-16v-16c0-8.84-7.16-16-16-16zm-387.2-48h22.4c6.4 0 12.8-6.4 12.8-12.8v-70.4c0-6.4-6.4-12.8-12.8-12.8h-22.4c-6.4 0-12.8 6.4-12.8 12.8v70.4c0 6.4 6.4 12.8 12.8 12.8z\" class=\"\"><\/path><\/svg><\/i> <img loading=\"lazy\" decoding=\"async\" width=\"16\" height=\"16\" alt=\"Loading\" src=\"https:\/\/avrsi.fr\/avrsi\/wp-content\/plugins\/page-views-count\/ajax-loader-2x.gif\" border=0 \/><\/p>\n<div class=\"pvc_clear\"><\/div>\n","protected":false},"author":1,"featured_media":0,"parent":0,"menu_order":0,"comment_status":"closed","ping_status":"closed","template":"","meta":{"_bbp_topic_count":0,"_bbp_reply_count":0,"_bbp_total_topic_count":0,"_bbp_total_reply_count":0,"_bbp_voice_count":0,"_bbp_anonymous_reply_count":0,"_bbp_topic_count_hidden":0,"_bbp_reply_count_hidden":0,"_bbp_forum_subforum_count":0,"_exactmetrics_skip_tracking":false,"_exactmetrics_sitenote_active":false,"_exactmetrics_sitenote_note":"","_exactmetrics_sitenote_category":0,"footnotes":""},"class_list":["post-43","page","type-page","status-publish","hentry"],"aioseo_notices":[],"a3_pvc":{"activated":true,"total_views":7257,"today_views":0},"jetpack_sharing_enabled":true,"jetpack_shortlink":"https:\/\/wp.me\/P7cIFZ-H","jetpack-related-posts":[{"id":113,"url":"https:\/\/avrsi.fr\/avrsi\/merci-davoir-commander-la-synthese-auto-du-rrt\/","url_meta":{"origin":43,"position":0},"title":"Merci d&rsquo;avoir command\u00e9 la Synth\u00e8se-auto du RRT","author":"sylvere","date":"2 f\u00e9vrier 2016","format":false,"excerpt":"Objectif L'objectif est que vous r\u00e9fl\u00e9chissiez \u00e0 vos synth\u00e8ses, vous n'\u00eates pas oblig\u00e9 de faire comme moi. Cette page va vous aider \u00e0 faire vos choix, afin que je personnalise les synth\u00e8ses de votre RRT. Les observations Pour ma part, lorsque j'effectue une r\u00e9ception technique, \u00a0je fais des observations :\u2026","rel":"","context":"Article similaire","block_context":{"text":"Article similaire","link":""},"img":{"alt_text":"","src":"","width":0,"height":0},"classes":[]},{"id":137,"url":"https:\/\/avrsi.fr\/avrsi\/assistance-a-distance-synthese-auto-rrt\/","url_meta":{"origin":43,"position":1},"title":"Assistance \u00e0 distance &#8211; Synth\u00e8se auto RRT","author":"sylvere","date":"3 f\u00e9vrier 2016","format":false,"excerpt":"Vous avez choisi l'assistance \u00e0 distance. Comment va-t-on proc\u00e9d\u00e9 ? 1 - Installer Teamviewer Cliquez sur l'image pour t\u00e9l\u00e9charger TeamViewer C'est GRATUIT Suivez l'installation de Teamviewer (c'est tr\u00e8s classique rien de sorcier) 2 - Assistance \u00e0 distance Voici l'interface de Teamviewer La Partie de gauche \"Autoriser le contr\u00f4le \u00e0 distance\",\u2026","rel":"","context":"Article similaire","block_context":{"text":"Article similaire","link":""},"img":{"alt_text":"team","src":"https:\/\/i0.wp.com\/avrsi.fr\/avrsi\/wp-content\/uploads\/2016\/02\/team.png?resize=350%2C200","width":350,"height":200},"classes":[]},{"id":2,"url":"https:\/\/avrsi.fr\/avrsi\/page-d-exemple\/","url_meta":{"origin":43,"position":2},"title":"Page d&rsquo;exemple","author":"sylvere","date":"25 janvier 2016","format":false,"excerpt":"Voici un exemple de page. Elle est diff\u00e9rente d'un article de blog, en cela qu'elle restera \u00e0 la m\u00eame place, et s'affichera dans le menu de navigation de votre site (en fonction de votre th\u00e8me). La plupart des gens commencent par \u00e9crire une page \u00ab \u00c0 Propos \u00bb qui les\u2026","rel":"","context":"Article similaire","block_context":{"text":"Article similaire","link":""},"img":{"alt_text":"","src":"","width":0,"height":0},"classes":[]},{"id":184,"url":"https:\/\/avrsi.fr\/avrsi\/mentions-legales-cgv\/","url_meta":{"origin":43,"position":3},"title":"Mentions L\u00e9gales &#8211; CGV","author":"sylvere","date":"5 f\u00e9vrier 2016","format":false,"excerpt":"Mentions L\u00e9gales AVRSI - Assistance Veille Reglementaire en S\u00e9curit\u00e9 Incendie www.avrsi.fr Directeur de la publication : Sylv\u00e8re LOYAN Adresse : AVRSI\u00a0 - \"Les hauts tronchais\" 72160 THORIGNE SUR DUE Tel : 02 43 82 69 57 E-Mail : mail@avrsi.fr SIRET : 810668657 00010 Num\u00e9ro d'identification TVA : FR61 810668657 EURL\u2026","rel":"","context":"Article similaire","block_context":{"text":"Article similaire","link":""},"img":{"alt_text":"","src":"","width":0,"height":0},"classes":[]},{"id":1144,"url":"https:\/\/avrsi.fr\/avrsi\/jeunersante\/","url_meta":{"origin":43,"position":4},"title":"Jeunersante","author":"sylvere","date":"8 f\u00e9vrier 2020","format":false,"excerpt":"Je\u00fbner pour sa sant\u00e9 Quels sont les b\u00e9n\u00e9fices, tout le monde peut-il je\u00fbner ? En travaillant ? Tout ce que vous avez toujours voulu savoir sur le jeune, peut-il am\u00e9liorer votre sant\u00e9 ? Conf\u00e9rence le 7 Mars 2020 - 17h00 Inscrivez-vous sur ce formulaire Si vous souhaitez venir \u00e0 une\u2026","rel":"","context":"Article similaire","block_context":{"text":"Article similaire","link":""},"img":{"alt_text":"","src":"https:\/\/i0.wp.com\/avrsi.fr\/avrsi\/wp-content\/uploads\/2020\/02\/550px-Fasting_4-Fasting-a-glass-of-water-on-an-empty-plate.jpg?resize=350%2C200","width":350,"height":200,"srcset":"https:\/\/i0.wp.com\/avrsi.fr\/avrsi\/wp-content\/uploads\/2020\/02\/550px-Fasting_4-Fasting-a-glass-of-water-on-an-empty-plate.jpg?resize=350%2C200 1x, https:\/\/i0.wp.com\/avrsi.fr\/avrsi\/wp-content\/uploads\/2020\/02\/550px-Fasting_4-Fasting-a-glass-of-water-on-an-empty-plate.jpg?resize=525%2C300 1.5x"},"classes":[]},{"id":1298,"url":"https:\/\/avrsi.fr\/avrsi\/thorigne\/","url_meta":{"origin":43,"position":5},"title":"THORIGNE","author":"sylvere","date":"31 mai 2021","format":false,"excerpt":"Comment vivre agr\u00e9ablement, au milieu de la nature, en \u00e9tant proche des commerces. Les Hauts Tronchais - Thorign\u00e9 sur du\u00e9 - Sarthe Les hauts tronchais Localiser exactement la maison sur Google Map Le bien Vous voulez un havre de paix... vous aimez la nature ne cherchez plus vous avez trouv\u00e9\u2026","rel":"","context":"Article similaire","block_context":{"text":"Article similaire","link":""},"img":{"alt_text":"","src":"https:\/\/i0.wp.com\/avrsi.fr\/avrsi\/wp-content\/uploads\/2021\/05\/thorigne.png?resize=350%2C200&ssl=1","width":350,"height":200,"srcset":"https:\/\/i0.wp.com\/avrsi.fr\/avrsi\/wp-content\/uploads\/2021\/05\/thorigne.png?resize=350%2C200&ssl=1 1x, https:\/\/i0.wp.com\/avrsi.fr\/avrsi\/wp-content\/uploads\/2021\/05\/thorigne.png?resize=525%2C300&ssl=1 1.5x, https:\/\/i0.wp.com\/avrsi.fr\/avrsi\/wp-content\/uploads\/2021\/05\/thorigne.png?resize=700%2C400&ssl=1 2x"},"classes":[]}],"_links":{"self":[{"href":"https:\/\/avrsi.fr\/avrsi\/wp-json\/wp\/v2\/pages\/43","targetHints":{"allow":["GET"]}}],"collection":[{"href":"https:\/\/avrsi.fr\/avrsi\/wp-json\/wp\/v2\/pages"}],"about":[{"href":"https:\/\/avrsi.fr\/avrsi\/wp-json\/wp\/v2\/types\/page"}],"author":[{"embeddable":true,"href":"https:\/\/avrsi.fr\/avrsi\/wp-json\/wp\/v2\/users\/1"}],"replies":[{"embeddable":true,"href":"https:\/\/avrsi.fr\/avrsi\/wp-json\/wp\/v2\/comments?post=43"}],"version-history":[{"count":1,"href":"https:\/\/avrsi.fr\/avrsi\/wp-json\/wp\/v2\/pages\/43\/revisions"}],"predecessor-version":[{"id":608,"href":"https:\/\/avrsi.fr\/avrsi\/wp-json\/wp\/v2\/pages\/43\/revisions\/608"}],"wp:attachment":[{"href":"https:\/\/avrsi.fr\/avrsi\/wp-json\/wp\/v2\/media?parent=43"}],"curies":[{"name":"wp","href":"https:\/\/api.w.org\/{rel}","templated":true}]}}