{"id":706,"date":"2017-06-19T14:14:17","date_gmt":"2017-06-19T13:14:17","guid":{"rendered":"http:\/\/avrsi.fr\/avrsi\/?page_id=706"},"modified":"2017-06-20T06:15:40","modified_gmt":"2017-06-20T05:15:40","slug":"zoning-ssi","status":"publish","type":"page","link":"https:\/\/avrsi.fr\/avrsi\/zoning-ssi\/","title":{"rendered":"Zoning SSI"},"content":{"rendered":"<p>Bonjour<\/p>\n<p>Vous avez besoin de sous-traiter le Zoning SSI ponctuellement vous \u00eates d\u00e9bord\u00e9 ou de fa\u00e7on permanente car personne ne sait utiliser autocad dans votre structure ?<\/p>\n<p style=\"text-align: center;\">Je peux r\u00e9pondre \u00e0 votre besoin !!<\/p>\n<h1>PRINCIPE<\/h1>\n<p>Vous fa\u00eetes le Zoning avec des stabilos, vous num\u00e9rotez des ZD et Les ZS. Vous m&rsquo;envoyez le scan, et les plans de base en pdf ou en DWG.<\/p>\n<h1>TARIF<\/h1>\n<p>Le tarif est \u00e0 la t\u00e2che et d\u00e9pend de l&rsquo;urgence.<br \/>\nJe m&rsquo;engage \u00e0 tenir cette date au pire. Si je vous l&rsquo;envoie avant il n&rsquo;y a pas de majoration du prix.<\/p>\n<p><strong>Pas de surprise<\/strong> vous connaissez le tarif \u00e0 l&rsquo;avance car vous pourrez calculer vous m\u00eame le tarif en fonction :<\/p>\n<ul>\n<li>Du nombre d&rsquo;\u00e9tage<\/li>\n<li>Du nombre de plans (1 ou 2 par niveau)<\/li>\n<li>Du nombre de ZD dessin\u00e9es<\/li>\n<li>Du nombre de ZS dessin\u00e9es<\/li>\n<li>Du nombre d&rsquo;annotation demand\u00e9es (DAS SSI TRE&#8230;)<\/li>\n<li>De l&rsquo;urgence (pas de majoration au dessus de 5 jours ouvrables)<\/li>\n<\/ul>\n<p>Je ne v\u00e9rifie pas votre zoning&#8230; soyez clair dans votre demande je ferais exactement ce que vous me demander.<\/p>\n<p>Note : Je ne fais pas la d\u00e9finition du zoning pour vous, c&rsquo;est VOUS\u00a0le patron c&rsquo;est pas moi<\/p>\n<p>Vous pouvez<a href=\"http:\/\/avrsi.fr\/avrsi\/wp-content\/uploads\/2017\/06\/calcul-tarif.xlsx\">\u00a0t\u00e9l\u00e9charger la feuille de calcul XLS <\/a>pour estimer le co\u00fbt d&rsquo;un zoning.<\/p>\n<p>Si vous voulez qu&rsquo;on travail ensemble, vous pouvez d\u00e9j\u00e0 remplir que<a href=\"https:\/\/goo.gl\/forms\/yOpbgP3n6V87wVXS2\"> ce petit formulaire<\/a>\u00a0qui vous permet de choisir plusieurs possibilit\u00e9s de dessin avec un exemple de tarif (sans nettoyage et d\u00e9lais &gt; 5j).<\/p>\n<p>Si vous \u00eates int\u00e9ress\u00e9 <a href=\"http:\/\/avrsi.fr\/avrsi\/a-propos\/\">contactez-moi <\/a><\/p>\n<div class=\"pvc_clear\"><\/div>\n<p id=\"pvc_stats_706\" class=\"pvc_stats all  \" data-element-id=\"706\" style=\"\"><i class=\"pvc-stats-icon medium\" aria-hidden=\"true\"><svg aria-hidden=\"true\" focusable=\"false\" data-prefix=\"far\" data-icon=\"chart-bar\" role=\"img\" xmlns=\"http:\/\/www.w3.org\/2000\/svg\" viewBox=\"0 0 512 512\" class=\"svg-inline--fa fa-chart-bar fa-w-16 fa-2x\"><path fill=\"currentColor\" d=\"M396.8 352h22.4c6.4 0 12.8-6.4 12.8-12.8V108.8c0-6.4-6.4-12.8-12.8-12.8h-22.4c-6.4 0-12.8 6.4-12.8 12.8v230.4c0 6.4 6.4 12.8 12.8 12.8zm-192 0h22.4c6.4 0 12.8-6.4 12.8-12.8V140.8c0-6.4-6.4-12.8-12.8-12.8h-22.4c-6.4 0-12.8 6.4-12.8 12.8v198.4c0 6.4 6.4 12.8 12.8 12.8zm96 0h22.4c6.4 0 12.8-6.4 12.8-12.8V204.8c0-6.4-6.4-12.8-12.8-12.8h-22.4c-6.4 0-12.8 6.4-12.8 12.8v134.4c0 6.4 6.4 12.8 12.8 12.8zM496 400H48V80c0-8.84-7.16-16-16-16H16C7.16 64 0 71.16 0 80v336c0 17.67 14.33 32 32 32h464c8.84 0 16-7.16 16-16v-16c0-8.84-7.16-16-16-16zm-387.2-48h22.4c6.4 0 12.8-6.4 12.8-12.8v-70.4c0-6.4-6.4-12.8-12.8-12.8h-22.4c-6.4 0-12.8 6.4-12.8 12.8v70.4c0 6.4 6.4 12.8 12.8 12.8z\" class=\"\"><\/path><\/svg><\/i> <img data-recalc-dims=\"1\" loading=\"lazy\" decoding=\"async\" width=\"16\" height=\"16\" alt=\"Loading\" src=\"https:\/\/i0.wp.com\/avrsi.fr\/avrsi\/wp-content\/plugins\/page-views-count\/ajax-loader-2x.gif?resize=16%2C16&#038;ssl=1\" border=0 \/><\/p>\n<div class=\"pvc_clear\"><\/div>\n","protected":false},"excerpt":{"rendered":"<p>Bonjour Vous avez besoin de sous-traiter le Zoning SSI ponctuellement vous \u00eates d\u00e9bord\u00e9 ou de fa\u00e7on permanente car personne ne sait utiliser autocad dans votre structure ? Je peux r\u00e9pondre \u00e0 votre besoin !! PRINCIPE Vous fa\u00eetes le Zoning avec<\/p>\n<div class=\"pvc_clear\"><\/div>\n<p id=\"pvc_stats_706\" class=\"pvc_stats all  \" data-element-id=\"706\" style=\"\"><i class=\"pvc-stats-icon medium\" aria-hidden=\"true\"><svg aria-hidden=\"true\" focusable=\"false\" data-prefix=\"far\" data-icon=\"chart-bar\" role=\"img\" xmlns=\"http:\/\/www.w3.org\/2000\/svg\" viewBox=\"0 0 512 512\" class=\"svg-inline--fa fa-chart-bar fa-w-16 fa-2x\"><path fill=\"currentColor\" d=\"M396.8 352h22.4c6.4 0 12.8-6.4 12.8-12.8V108.8c0-6.4-6.4-12.8-12.8-12.8h-22.4c-6.4 0-12.8 6.4-12.8 12.8v230.4c0 6.4 6.4 12.8 12.8 12.8zm-192 0h22.4c6.4 0 12.8-6.4 12.8-12.8V140.8c0-6.4-6.4-12.8-12.8-12.8h-22.4c-6.4 0-12.8 6.4-12.8 12.8v198.4c0 6.4 6.4 12.8 12.8 12.8zm96 0h22.4c6.4 0 12.8-6.4 12.8-12.8V204.8c0-6.4-6.4-12.8-12.8-12.8h-22.4c-6.4 0-12.8 6.4-12.8 12.8v134.4c0 6.4 6.4 12.8 12.8 12.8zM496 400H48V80c0-8.84-7.16-16-16-16H16C7.16 64 0 71.16 0 80v336c0 17.67 14.33 32 32 32h464c8.84 0 16-7.16 16-16v-16c0-8.84-7.16-16-16-16zm-387.2-48h22.4c6.4 0 12.8-6.4 12.8-12.8v-70.4c0-6.4-6.4-12.8-12.8-12.8h-22.4c-6.4 0-12.8 6.4-12.8 12.8v70.4c0 6.4 6.4 12.8 12.8 12.8z\" class=\"\"><\/path><\/svg><\/i> <img loading=\"lazy\" decoding=\"async\" width=\"16\" height=\"16\" alt=\"Loading\" src=\"https:\/\/avrsi.fr\/avrsi\/wp-content\/plugins\/page-views-count\/ajax-loader-2x.gif\" border=0 \/><\/p>\n<div class=\"pvc_clear\"><\/div>\n","protected":false},"author":1,"featured_media":0,"parent":0,"menu_order":0,"comment_status":"open","ping_status":"closed","template":"","meta":{"_bbp_topic_count":0,"_bbp_reply_count":0,"_bbp_total_topic_count":0,"_bbp_total_reply_count":0,"_bbp_voice_count":0,"_bbp_anonymous_reply_count":0,"_bbp_topic_count_hidden":0,"_bbp_reply_count_hidden":0,"_bbp_forum_subforum_count":0,"_exactmetrics_skip_tracking":false,"_exactmetrics_sitenote_active":false,"_exactmetrics_sitenote_note":"","_exactmetrics_sitenote_category":0,"footnotes":""},"class_list":["post-706","page","type-page","status-publish","hentry"],"aioseo_notices":[],"a3_pvc":{"activated":true,"total_views":2029,"today_views":0},"jetpack_sharing_enabled":true,"jetpack_shortlink":"https:\/\/wp.me\/P7cIFZ-bo","jetpack-related-posts":[{"id":100,"url":"https:\/\/avrsi.fr\/avrsi\/a-propos\/","url_meta":{"origin":706,"position":0},"title":"A propos","author":"sylvere","date":"2 f\u00e9vrier 2016","format":false,"excerpt":"Ce blog est-il pour vous ? Vous \u00eates ma\u00eetre d\u2019ouvrage ou exploitant, contr\u00f4leur technique, coordinateur SSI,\u00a0 pr\u00e9ventionniste dans un SDIS, \u00a0Bureau d\u2019\u00e9tude ou une entreprise. Vous avez besoin de gagner du temps dans vos activit\u00e9s Vous avez besoin d'automatiser des taches r\u00e9p\u00e9titives inint\u00e9ressantes Vous avez besoin d'outils informatiques qui n'existent\u2026","rel":"","context":"Article similaire","block_context":{"text":"Article similaire","link":""},"img":{"alt_text":"SLencadre","src":"https:\/\/i0.wp.com\/le-coordinateur-ssi.fr\/wp-content\/uploads\/2015\/08\/SLencadre-232x300.png?resize=350%2C200","width":350,"height":200},"classes":[]},{"id":906,"url":"https:\/\/avrsi.fr\/avrsi\/en-quoi-lami-peut-vous-aider\/","url_meta":{"origin":706,"position":1},"title":"En quoi LAMI du CSSI peut vous aider ?","author":"sylvere","date":"20 septembre 2017","format":false,"excerpt":"L'objectif vous l'aurez compris est de vous soulager dans l'exercice de la mission de Coordination SSI. Ce logiciel est TRES ambitieux. L'objectif est qu'il vous accompagne tout au long de la mission. En faisant pour vous toutes les op\u00e9rations les plus laborieuses les plus r\u00e9barbatives. Bien sur je ne suis\u2026","rel":"","context":"Article similaire","block_context":{"text":"Article similaire","link":""},"img":{"alt_text":"","src":"https:\/\/i0.wp.com\/avrsi.fr\/avrsi\/wp-content\/uploads\/2017\/09\/20295255_blog-281x300.jpg?resize=350%2C200","width":350,"height":200},"classes":[]},{"id":913,"url":"https:\/\/avrsi.fr\/avrsi\/lami-du-cssi-les-mises-a-jour-le-tarif\/","url_meta":{"origin":706,"position":2},"title":"LAMI du CSSI : Les mises \u00e0 jour &#8211; le tarif","author":"sylvere","date":"20 septembre 2017","format":false,"excerpt":"Les mises \u00e0 jour Comme je le soulignai pr\u00e9c\u00e9demment, Rome ne\u00a0s'est pas fait en 1 jour, les fonctionnalit\u00e9s\u00a0que je vous ai pr\u00e9sent\u00e9es sont celles qui me semblent \u00eatre \u00e0 r\u00e9aliser au plus t\u00f4t. C'est ce qui sera disponible au public \u00e0 partir du 25 d\u00e9cembre 2017 date de la sortie\u2026","rel":"","context":"Article similaire","block_context":{"text":"Article similaire","link":""},"img":{"alt_text":"20295255_blog","src":"https:\/\/i0.wp.com\/avrsi.fr\/avrsi\/wp-content\/uploads\/2017\/09\/20295255_blog-281x300.jpg?resize=350%2C200","width":350,"height":200},"classes":[]},{"id":113,"url":"https:\/\/avrsi.fr\/avrsi\/merci-davoir-commander-la-synthese-auto-du-rrt\/","url_meta":{"origin":706,"position":3},"title":"Merci d&rsquo;avoir command\u00e9 la Synth\u00e8se-auto du RRT","author":"sylvere","date":"2 f\u00e9vrier 2016","format":false,"excerpt":"Objectif L'objectif est que vous r\u00e9fl\u00e9chissiez \u00e0 vos synth\u00e8ses, vous n'\u00eates pas oblig\u00e9 de faire comme moi. Cette page va vous aider \u00e0 faire vos choix, afin que je personnalise les synth\u00e8ses de votre RRT. Les observations Pour ma part, lorsque j'effectue une r\u00e9ception technique, \u00a0je fais des observations :\u2026","rel":"","context":"Article similaire","block_context":{"text":"Article similaire","link":""},"img":{"alt_text":"","src":"","width":0,"height":0},"classes":[]},{"id":953,"url":"https:\/\/avrsi.fr\/avrsi\/lami-du-cssi-en-details\/","url_meta":{"origin":706,"position":4},"title":"LAMI du CSSI &#8211; En avant-premi\u00e8re","author":"sylvere","date":"20 octobre 2017","format":false,"excerpt":"Voici quelques captures d'\u00e9cran de la version en cours de d\u00e9veloppement par d\u00e9finition ... ca va \u00e9voluer Tableau de Bord Il \u00e9voluera par collaborateur avec l'avancement des op\u00e9rations et un acces direct vers les op\u00e9rations r\u00e9centes Administration Gestion des clients Gestion des Sites Un client peut avoir plusieurs sites Gestion\u2026","rel":"","context":"Article similaire","block_context":{"text":"Article similaire","link":""},"img":{"alt_text":"","src":"https:\/\/i0.wp.com\/avrsi.fr\/avrsi\/wp-content\/uploads\/2017\/10\/0-tableau-de-bord1-300x172.png?resize=350%2C200","width":350,"height":200},"classes":[]},{"id":897,"url":"https:\/\/avrsi.fr\/avrsi\/toutes-les-fonctionnalites-de-lami\/","url_meta":{"origin":706,"position":5},"title":"Toutes les Fonctionnalit\u00e9s de LAMI","author":"sylvere","date":"8 septembre 2017","format":false,"excerpt":"Club-priv\u00e9 LAMI du CSSI En bleu : En cours de d\u00e9veloppement (% avancement) prevu pour le 25\/12\/207 En noir : Pr\u00e9vu B\u00e9ta (d\u00e8s que l'ensemble est \u00e0 100% vous recevrez un lien pour tester) 1\u00b0) Gestion des op\u00e9rations Gestion des Clients 100% (b\u00e9ta) Gestion des Sites 100% Gestion des b\u00e2timents\u2026","rel":"","context":"Article similaire","block_context":{"text":"Article similaire","link":""},"img":{"alt_text":"","src":"","width":0,"height":0},"classes":[]}],"_links":{"self":[{"href":"https:\/\/avrsi.fr\/avrsi\/wp-json\/wp\/v2\/pages\/706","targetHints":{"allow":["GET"]}}],"collection":[{"href":"https:\/\/avrsi.fr\/avrsi\/wp-json\/wp\/v2\/pages"}],"about":[{"href":"https:\/\/avrsi.fr\/avrsi\/wp-json\/wp\/v2\/types\/page"}],"author":[{"embeddable":true,"href":"https:\/\/avrsi.fr\/avrsi\/wp-json\/wp\/v2\/users\/1"}],"replies":[{"embeddable":true,"href":"https:\/\/avrsi.fr\/avrsi\/wp-json\/wp\/v2\/comments?post=706"}],"version-history":[{"count":11,"href":"https:\/\/avrsi.fr\/avrsi\/wp-json\/wp\/v2\/pages\/706\/revisions"}],"predecessor-version":[{"id":722,"href":"https:\/\/avrsi.fr\/avrsi\/wp-json\/wp\/v2\/pages\/706\/revisions\/722"}],"wp:attachment":[{"href":"https:\/\/avrsi.fr\/avrsi\/wp-json\/wp\/v2\/media?parent=706"}],"curies":[{"name":"wp","href":"https:\/\/api.w.org\/{rel}","templated":true}]}}