{"id":156,"date":"2016-02-04T21:35:05","date_gmt":"2016-02-04T20:35:05","guid":{"rendered":"http:\/\/avrsi.fr\/avrsi\/?post_type=product&#038;p=156"},"modified":"2022-12-19T12:33:10","modified_gmt":"2022-12-19T11:33:10","slug":"reglementations-pdf","status":"publish","type":"product","link":"https:\/\/avrsi.fr\/avrsi\/produit\/reglementations-pdf\/","title":{"rendered":"R\u00e9glementations PDF"},"content":{"rendered":"<h1>Avantage<\/h1>\n<p>Quand on est pr\u00e9ventionniste, ou BE s\u00e9curit\u00e9, transporter la documentation qui, de plus, n&rsquo;a pas encore \u00e9t\u00e9 mise \u00e0 jour, &#8230;. <span style=\"text-decoration: underline;\"><strong>c&rsquo;est\u00a0p\u00e9nible<\/strong><\/span>.<\/p>\n<p>Il y a internet oui&#8230; mais quand on veut un article, il faut prier le Dieu 4G 3G&#8230; que la connexion passe&#8230; et il faut attendre&#8230; alors qu&rsquo;on a besoin de l&rsquo;info tout de suite pas dans 5 minutes&#8230;. <strong><span style=\"text-decoration: underline;\">C&rsquo;est p\u00e9nible<\/span><\/strong>.<\/p>\n<p>Le moyen le <strong><span style=\"text-decoration: underline;\">plus simple<\/span> <\/strong>et qui fonctionne sur absolument <strong>TOUS les mat\u00e9riels<\/strong>.. PC, MAC, LINUX, ANDROID, IPHONE, IPAD, Windowsphone&#8230;&#8230; C&rsquo;est le PDF. Il suffit juste d&rsquo;un lecteur PDF, et d&rsquo;une synchronisation (dropbox par exemple) juste pour faire les mises \u00e0 jour.<\/p>\n<ul>\n<li>La r\u00e9glementation dans votre t\u00e9l\u00e9phone, tablette, PC&#8230; \u00a0<strong>\u00e0 jour<\/strong><\/li>\n<li><strong>Pas de document lourd<\/strong> \u00e0 transporter<\/li>\n<li><span style=\"text-decoration: underline;\"><strong>Pas d&rsquo;attente<\/strong><\/span>, on a l&rsquo;info <strong><span style=\"text-decoration: underline;\">imm\u00e9diatement<\/span> <\/strong>car il n&rsquo;y a pas besoin de connexion pour consulter les articles<\/li>\n<\/ul>\n<p>Autre avantage des PDF&#8230; il est possible de faire des Hyperliens, pour sauter d&rsquo;un article \u00e0 un autre&#8230; j&rsquo;ai cr\u00e9\u00e9 <strong>des hyperliens astucieux<\/strong> qui permettent en <strong>2 clics<\/strong> d&rsquo;\u00eatre sur l&rsquo;article de votre choix&#8230;. \u00a0C&rsquo;est SIMPLE&#8230; C&rsquo;est RAPIDE<\/p>\n<h1>La D\u00e9mo en Vid\u00e9o.<\/h1>\n<div class=\"jetpack-video-wrapper\"><iframe loading=\"lazy\" title=\"Reglementation PDF\" frameborder=\"0\" width=\"750\" height=\"421\" src=\"https:\/\/www.dailymotion.com\/embed\/video\/x3qndzs?pubtool=oembed\" allowfullscreen allow=\"autoplay\"><\/iframe><\/div>\n<p>&nbsp;<\/p>\n<h1>Textes support\u00e9s<\/h1>\n<ul>\n<li>Le CCH\u00a0 : des articles R111-18 \u00e0 R111-19-30 (handicap) des articles R141-1 aux R149-15 (s\u00e9curit\u00e9 incendie)<\/li>\n<li>Tous les ERP du 1er Groupe\u00a0 : GN GE CO AM DF CH GZ EL EC AS GC MS JLMNOPRSTUVWXY<\/li>\n<li>Tous les ERP du 2eme Groupe\u00a0 : PE PO PU PX<\/li>\n<li>Tous les Etablissements Sp\u00e9ciaux : PS PA CTS SG OA REF EF GA<\/li>\n<li>IGH &#8211; 2012<\/li>\n<li>IGH &#8211; 1977<\/li>\n<li>Code du Travail R4211 \u00e0 R4228-37, arr\u00eat\u00e9 du 5 ao\u00fbt 1992 sur le d\u00e9senfumage<\/li>\n<li>Habitation 31 Janvier 1986<\/li>\n<li>IT 246 &#8211; 250 -263<\/li>\n<li>Les Guides PS et M<\/li>\n<\/ul>\n<h1>Veille r\u00e9glementaire<\/h1>\n<p>Pour que les documents soient toujours \u00e0 jour, j&rsquo;assure une veille r\u00e9glementaire quotidienne que je centralise\u00a0sur <a href=\"http:\/\/le-coordinateur-ssi.fr\/category\/actualites\/reglementation\/\" target=\"_blank\" rel=\"noopener\">Le Blog du Coordinateur SSI<\/a>\u00a0(c&rsquo;est gratuit vous pouvez vous y inscrire).<\/p>\n<ul>\n<li>D\u00e8s qu&rsquo;un texte sort, vous \u00eates pr\u00e9venus via \u00a0un mail envoy\u00e9 par\u00a0<a href=\"http:\/\/le-coordinateur-ssi.fr\/category\/actualites\/reglementation\/\" target=\"_blank\" rel=\"noopener\">Le Blog du Coordinateur SSI<\/a>.<\/li>\n<li>Chaque mois vous recevez la synth\u00e8se des v\u00e9rifications r\u00e9glementaires assurant ainsi pour vous, votre veille r\u00e9glementaire.<\/li>\n<li>Vous \u00eates pr\u00e9venu par mail d\u00e8s que la mise \u00e0 jour des PDF est disponible au t\u00e9l\u00e9chargement.<\/li>\n<\/ul>\n<h1>Principe de la licence<\/h1>\n<p>Vous payez 1 fois pas an pour tous vos collaborateurs de votre soci\u00e9t\u00e9, quelque soit le nombre de collaborateurs de PCs\/t\u00e9l\u00e9phones\/tablettes&#8230;.<\/p>\n<h1>Synchronisation<\/h1>\n<p>Pour d\u00e9ployer et synchroniser les PDF sur tous les \u00e9quipements de\u00a0vos collaborateurs, il vous suffit d&rsquo;utiliser un service de cloud comme (dropbox, ou drive).<\/p>\n<pre class=\"help-article-title page-title\">Dropbox : \r\n<a href=\"https:\/\/www.dropbox.com\/help\/19\">Comment puis-je partager des dossiers avec d'autres personnes\u00a0?<\/a><\/pre>\n<div class=\"pvc_clear\"><\/div>\n<p id=\"pvc_stats_156\" class=\"pvc_stats all  \" data-element-id=\"156\" style=\"\"><i class=\"pvc-stats-icon medium\" aria-hidden=\"true\"><svg aria-hidden=\"true\" focusable=\"false\" data-prefix=\"far\" data-icon=\"chart-bar\" role=\"img\" xmlns=\"http:\/\/www.w3.org\/2000\/svg\" viewBox=\"0 0 512 512\" class=\"svg-inline--fa fa-chart-bar fa-w-16 fa-2x\"><path fill=\"currentColor\" d=\"M396.8 352h22.4c6.4 0 12.8-6.4 12.8-12.8V108.8c0-6.4-6.4-12.8-12.8-12.8h-22.4c-6.4 0-12.8 6.4-12.8 12.8v230.4c0 6.4 6.4 12.8 12.8 12.8zm-192 0h22.4c6.4 0 12.8-6.4 12.8-12.8V140.8c0-6.4-6.4-12.8-12.8-12.8h-22.4c-6.4 0-12.8 6.4-12.8 12.8v198.4c0 6.4 6.4 12.8 12.8 12.8zm96 0h22.4c6.4 0 12.8-6.4 12.8-12.8V204.8c0-6.4-6.4-12.8-12.8-12.8h-22.4c-6.4 0-12.8 6.4-12.8 12.8v134.4c0 6.4 6.4 12.8 12.8 12.8zM496 400H48V80c0-8.84-7.16-16-16-16H16C7.16 64 0 71.16 0 80v336c0 17.67 14.33 32 32 32h464c8.84 0 16-7.16 16-16v-16c0-8.84-7.16-16-16-16zm-387.2-48h22.4c6.4 0 12.8-6.4 12.8-12.8v-70.4c0-6.4-6.4-12.8-12.8-12.8h-22.4c-6.4 0-12.8 6.4-12.8 12.8v70.4c0 6.4 6.4 12.8 12.8 12.8z\" class=\"\"><\/path><\/svg><\/i> <img data-recalc-dims=\"1\" loading=\"lazy\" decoding=\"async\" width=\"16\" height=\"16\" alt=\"Loading\" src=\"https:\/\/i0.wp.com\/avrsi.fr\/avrsi\/wp-content\/plugins\/page-views-count\/ajax-loader-2x.gif?resize=16%2C16&#038;ssl=1\" border=0 \/><\/p>\n<div class=\"pvc_clear\"><\/div>\n","protected":false},"excerpt":{"rendered":"<p>Toute la r\u00e9glementation incendie en PDF avec la veille r\u00e9glementaire associ\u00e9e<\/p>\n<div class=\"pvc_clear\"><\/div>\n<p id=\"pvc_stats_156\" class=\"pvc_stats all  \" data-element-id=\"156\" style=\"\"><i class=\"pvc-stats-icon medium\" aria-hidden=\"true\"><svg aria-hidden=\"true\" focusable=\"false\" data-prefix=\"far\" data-icon=\"chart-bar\" role=\"img\" xmlns=\"http:\/\/www.w3.org\/2000\/svg\" viewBox=\"0 0 512 512\" class=\"svg-inline--fa fa-chart-bar fa-w-16 fa-2x\"><path fill=\"currentColor\" d=\"M396.8 352h22.4c6.4 0 12.8-6.4 12.8-12.8V108.8c0-6.4-6.4-12.8-12.8-12.8h-22.4c-6.4 0-12.8 6.4-12.8 12.8v230.4c0 6.4 6.4 12.8 12.8 12.8zm-192 0h22.4c6.4 0 12.8-6.4 12.8-12.8V140.8c0-6.4-6.4-12.8-12.8-12.8h-22.4c-6.4 0-12.8 6.4-12.8 12.8v198.4c0 6.4 6.4 12.8 12.8 12.8zm96 0h22.4c6.4 0 12.8-6.4 12.8-12.8V204.8c0-6.4-6.4-12.8-12.8-12.8h-22.4c-6.4 0-12.8 6.4-12.8 12.8v134.4c0 6.4 6.4 12.8 12.8 12.8zM496 400H48V80c0-8.84-7.16-16-16-16H16C7.16 64 0 71.16 0 80v336c0 17.67 14.33 32 32 32h464c8.84 0 16-7.16 16-16v-16c0-8.84-7.16-16-16-16zm-387.2-48h22.4c6.4 0 12.8-6.4 12.8-12.8v-70.4c0-6.4-6.4-12.8-12.8-12.8h-22.4c-6.4 0-12.8 6.4-12.8 12.8v70.4c0 6.4 6.4 12.8 12.8 12.8z\" class=\"\"><\/path><\/svg><\/i> <img loading=\"lazy\" decoding=\"async\" width=\"16\" height=\"16\" alt=\"Loading\" src=\"https:\/\/avrsi.fr\/avrsi\/wp-content\/plugins\/page-views-count\/ajax-loader-2x.gif\" border=0 \/><\/p>\n<div class=\"pvc_clear\"><\/div>\n","protected":false},"featured_media":255,"comment_status":"open","ping_status":"closed","template":"","meta":{"_bbp_topic_count":0,"_bbp_reply_count":0,"_bbp_total_topic_count":0,"_bbp_total_reply_count":0,"_bbp_voice_count":0,"_bbp_anonymous_reply_count":0,"_bbp_topic_count_hidden":0,"_bbp_reply_count_hidden":0,"_bbp_forum_subforum_count":0,"_exactmetrics_skip_tracking":false,"_exactmetrics_sitenote_active":false,"_exactmetrics_sitenote_note":"","_exactmetrics_sitenote_category":0,"jetpack_publicize_message":"","jetpack_publicize_feature_enabled":true,"jetpack_social_post_already_shared":true,"jetpack_social_options":{"image_generator_settings":{"template":"highway","default_image_id":0,"font":"","enabled":false},"version":2}},"product_brand":[],"product_cat":[8],"product_tag":[],"class_list":{"0":"post-156","1":"product","2":"type-product","3":"status-publish","4":"has-post-thumbnail","6":"product_cat-service","8":"first","9":"instock","10":"downloadable","11":"virtual","12":"taxable","13":"purchasable","14":"product-type-simple"},"aioseo_notices":[],"a3_pvc":{"activated":true,"total_views":5211,"today_views":0},"jetpack_publicize_connections":[],"jetpack_sharing_enabled":true,"jetpack-related-posts":[{"id":77,"url":"https:\/\/avrsi.fr\/avrsi\/produit\/rrt-ssi-synthese-auto\/","url_meta":{"origin":156,"position":0},"title":"RRT SSI &#8211; Synth\u00e8se Automatique","author":"sylvere","date":"26 janvier 2016","format":false,"excerpt":"Assistance \u00e0 la cr\u00e9ation de tables de synth\u00e8ses automatiques dans votre Rapport de R\u00e9ception Technique.","rel":"","context":"Article similaire","block_context":{"text":"Article similaire","link":""},"img":{"alt_text":"syntheseautoimage","src":"https:\/\/i0.wp.com\/avrsi.fr\/avrsi\/wp-content\/uploads\/2016\/02\/syntheseautoimage.png?fit=1200%2C542&ssl=1&resize=350%2C200","width":350,"height":200,"srcset":"https:\/\/i0.wp.com\/avrsi.fr\/avrsi\/wp-content\/uploads\/2016\/02\/syntheseautoimage.png?fit=1200%2C542&ssl=1&resize=350%2C200 1x, https:\/\/i0.wp.com\/avrsi.fr\/avrsi\/wp-content\/uploads\/2016\/02\/syntheseautoimage.png?fit=1200%2C542&ssl=1&resize=525%2C300 1.5x, https:\/\/i0.wp.com\/avrsi.fr\/avrsi\/wp-content\/uploads\/2016\/02\/syntheseautoimage.png?fit=1200%2C542&ssl=1&resize=700%2C400 2x, https:\/\/i0.wp.com\/avrsi.fr\/avrsi\/wp-content\/uploads\/2016\/02\/syntheseautoimage.png?fit=1200%2C542&ssl=1&resize=1050%2C600 3x"},"classes":[]},{"id":1371,"url":"https:\/\/avrsi.fr\/avrsi\/produit\/raccourcis\/","url_meta":{"origin":156,"position":1},"title":"Raccourcis","author":"sylvere","date":"15 mai 2023","format":false,"excerpt":"Ce logiciel permet de creer des raccourcis \u00e0 : des fichiers des r\u00e9pertoires des liens internets dans un logiciel l\u00e9ger o\u00f9 tout est centralis\u00e9. C'est tr\u00e8s pratique d'utilisation je l'utilise tous les jour depuis 2016","rel":"","context":"Article similaire","block_context":{"text":"Article similaire","link":""},"img":{"alt_text":"","src":"https:\/\/i0.wp.com\/avrsi.fr\/avrsi\/wp-content\/uploads\/2023\/05\/RacPageprincipale.jpg?resize=350%2C200&ssl=1","width":350,"height":200,"srcset":"https:\/\/i0.wp.com\/avrsi.fr\/avrsi\/wp-content\/uploads\/2023\/05\/RacPageprincipale.jpg?resize=350%2C200&ssl=1 1x, https:\/\/i0.wp.com\/avrsi.fr\/avrsi\/wp-content\/uploads\/2023\/05\/RacPageprincipale.jpg?resize=525%2C300&ssl=1 1.5x, https:\/\/i0.wp.com\/avrsi.fr\/avrsi\/wp-content\/uploads\/2023\/05\/RacPageprincipale.jpg?resize=700%2C400&ssl=1 2x"},"classes":[]},{"id":165,"url":"https:\/\/avrsi.fr\/avrsi\/produit\/rapport-synthese-automatique\/","url_meta":{"origin":156,"position":2},"title":"Rapport &#8211; Synth\u00e8se Automatique","author":"sylvere","date":"5 f\u00e9vrier 2016","format":false,"excerpt":"Assistance \u00e0 la cr\u00e9ation de tables de synth\u00e8ses automatiques dans votre rapport","rel":"","context":"Article similaire","block_context":{"text":"Article similaire","link":""},"img":{"alt_text":"rapportsyntauto","src":"https:\/\/i0.wp.com\/avrsi.fr\/avrsi\/wp-content\/uploads\/2016\/02\/rapportsyntauto-1.png?fit=1200%2C542&ssl=1&resize=350%2C200","width":350,"height":200,"srcset":"https:\/\/i0.wp.com\/avrsi.fr\/avrsi\/wp-content\/uploads\/2016\/02\/rapportsyntauto-1.png?fit=1200%2C542&ssl=1&resize=350%2C200 1x, https:\/\/i0.wp.com\/avrsi.fr\/avrsi\/wp-content\/uploads\/2016\/02\/rapportsyntauto-1.png?fit=1200%2C542&ssl=1&resize=525%2C300 1.5x, https:\/\/i0.wp.com\/avrsi.fr\/avrsi\/wp-content\/uploads\/2016\/02\/rapportsyntauto-1.png?fit=1200%2C542&ssl=1&resize=700%2C400 2x, https:\/\/i0.wp.com\/avrsi.fr\/avrsi\/wp-content\/uploads\/2016\/02\/rapportsyntauto-1.png?fit=1200%2C542&ssl=1&resize=1050%2C600 3x"},"classes":[]},{"id":135,"url":"https:\/\/avrsi.fr\/avrsi\/produit\/installation-a-distance-synthese-auto\/","url_meta":{"origin":156,"position":3},"title":"Installation \u00e0 distance &#8211; Synth\u00e8se auto","author":"sylvere","date":"3 f\u00e9vrier 2016","format":false,"excerpt":"Pour les CSSI press\u00e9s ou ceux qui se sentent d\u00e9bord\u00e9s par l'informatique - Installation \u00e0 distance de la macro pour les synth\u00e8ses automatiques.","rel":"","context":"Article similaire","block_context":{"text":"Article similaire","link":""},"img":{"alt_text":"assistance \u00e0 distance","src":"https:\/\/i0.wp.com\/avrsi.fr\/avrsi\/wp-content\/uploads\/2016\/02\/assistance-%C3%A0-distance.png?fit=1200%2C542&ssl=1&resize=350%2C200","width":350,"height":200,"srcset":"https:\/\/i0.wp.com\/avrsi.fr\/avrsi\/wp-content\/uploads\/2016\/02\/assistance-%C3%A0-distance.png?fit=1200%2C542&ssl=1&resize=350%2C200 1x, https:\/\/i0.wp.com\/avrsi.fr\/avrsi\/wp-content\/uploads\/2016\/02\/assistance-%C3%A0-distance.png?fit=1200%2C542&ssl=1&resize=525%2C300 1.5x, https:\/\/i0.wp.com\/avrsi.fr\/avrsi\/wp-content\/uploads\/2016\/02\/assistance-%C3%A0-distance.png?fit=1200%2C542&ssl=1&resize=700%2C400 2x, https:\/\/i0.wp.com\/avrsi.fr\/avrsi\/wp-content\/uploads\/2016\/02\/assistance-%C3%A0-distance.png?fit=1200%2C542&ssl=1&resize=1050%2C600 3x"},"classes":[]},{"id":44,"url":"https:\/\/avrsi.fr\/avrsi\/produit\/dinliste\/","url_meta":{"origin":156,"position":4},"title":"DINLISTE","author":"sylvere","date":"25 janvier 2016","format":false,"excerpt":"DINLISTE - Cr\u00e9ation en 1 clic du sommaire du dossier d'identit\u00e9","rel":"","context":"Article similaire","block_context":{"text":"Article similaire","link":""},"img":{"alt_text":"Dinliste","src":"https:\/\/i0.wp.com\/avrsi.fr\/avrsi\/wp-content\/uploads\/2016\/02\/17187676_l.jpg?fit=1200%2C911&ssl=1&resize=350%2C200","width":350,"height":200,"srcset":"https:\/\/i0.wp.com\/avrsi.fr\/avrsi\/wp-content\/uploads\/2016\/02\/17187676_l.jpg?fit=1200%2C911&ssl=1&resize=350%2C200 1x, https:\/\/i0.wp.com\/avrsi.fr\/avrsi\/wp-content\/uploads\/2016\/02\/17187676_l.jpg?fit=1200%2C911&ssl=1&resize=525%2C300 1.5x, https:\/\/i0.wp.com\/avrsi.fr\/avrsi\/wp-content\/uploads\/2016\/02\/17187676_l.jpg?fit=1200%2C911&ssl=1&resize=700%2C400 2x, https:\/\/i0.wp.com\/avrsi.fr\/avrsi\/wp-content\/uploads\/2016\/02\/17187676_l.jpg?fit=1200%2C911&ssl=1&resize=1050%2C600 3x"},"classes":[]},{"id":52,"url":"https:\/\/avrsi.fr\/avrsi\/produit\/assistance-a-la-certification\/","url_meta":{"origin":156,"position":5},"title":"Assistance \u00e0 la certification","author":"sylvere","date":"22 f\u00e9vrier 2017","format":false,"excerpt":"Comment organiser votre soci\u00e9t\u00e9 pour satisfaire \u00e0 la certification I93 \u00a0 MODULE 1 : D\u00c9ROULEMENT Chapitre 1 : Comment suivre la formation Chapitre 2 : truc et astuce pour gagner du temps Chapitre 3 : Comment se d\u00e9roule le processus de certification MODULE 2 : LE \u00a0DOSSIER \u00a0DE \u00a0DEMANDE Chapitre\u2026","rel":"","context":"Article similaire","block_context":{"text":"Article similaire","link":""},"img":{"alt_text":"I93-2","src":"https:\/\/i0.wp.com\/avrsi.fr\/avrsi\/wp-content\/uploads\/2017\/02\/I93-2.png?fit=1200%2C542&ssl=1&resize=350%2C200","width":350,"height":200,"srcset":"https:\/\/i0.wp.com\/avrsi.fr\/avrsi\/wp-content\/uploads\/2017\/02\/I93-2.png?fit=1200%2C542&ssl=1&resize=350%2C200 1x, https:\/\/i0.wp.com\/avrsi.fr\/avrsi\/wp-content\/uploads\/2017\/02\/I93-2.png?fit=1200%2C542&ssl=1&resize=525%2C300 1.5x, https:\/\/i0.wp.com\/avrsi.fr\/avrsi\/wp-content\/uploads\/2017\/02\/I93-2.png?fit=1200%2C542&ssl=1&resize=700%2C400 2x, https:\/\/i0.wp.com\/avrsi.fr\/avrsi\/wp-content\/uploads\/2017\/02\/I93-2.png?fit=1200%2C542&ssl=1&resize=1050%2C600 3x"},"classes":[]}],"_links":{"self":[{"href":"https:\/\/avrsi.fr\/avrsi\/wp-json\/wp\/v2\/product\/156","targetHints":{"allow":["GET"]}}],"collection":[{"href":"https:\/\/avrsi.fr\/avrsi\/wp-json\/wp\/v2\/product"}],"about":[{"href":"https:\/\/avrsi.fr\/avrsi\/wp-json\/wp\/v2\/types\/product"}],"replies":[{"embeddable":true,"href":"https:\/\/avrsi.fr\/avrsi\/wp-json\/wp\/v2\/comments?post=156"}],"wp:featuredmedia":[{"embeddable":true,"href":"https:\/\/avrsi.fr\/avrsi\/wp-json\/wp\/v2\/media\/255"}],"wp:attachment":[{"href":"https:\/\/avrsi.fr\/avrsi\/wp-json\/wp\/v2\/media?parent=156"}],"wp:term":[{"taxonomy":"product_brand","embeddable":true,"href":"https:\/\/avrsi.fr\/avrsi\/wp-json\/wp\/v2\/product_brand?post=156"},{"taxonomy":"product_cat","embeddable":true,"href":"https:\/\/avrsi.fr\/avrsi\/wp-json\/wp\/v2\/product_cat?post=156"},{"taxonomy":"product_tag","embeddable":true,"href":"https:\/\/avrsi.fr\/avrsi\/wp-json\/wp\/v2\/product_tag?post=156"}],"curies":[{"name":"wp","href":"https:\/\/api.w.org\/{rel}","templated":true}]}}