{"id":52,"date":"2017-02-22T11:29:46","date_gmt":"2017-02-22T10:29:46","guid":{"rendered":"http:\/\/avrsi.fr\/avrsi\/?post_type=product&#038;p=52"},"modified":"2020-07-01T00:00:08","modified_gmt":"2020-06-30T23:00:08","slug":"assistance-a-la-certification","status":"publish","type":"product","link":"https:\/\/avrsi.fr\/avrsi\/produit\/assistance-a-la-certification\/","title":{"rendered":"Assistance \u00e0 la certification"},"content":{"rendered":"<h3><\/h3>\n<h3>Comment organiser votre soci\u00e9t\u00e9 pour satisfaire \u00e0 la certification I93<\/h3>\n<p>&nbsp;<\/p>\n<h4>MODULE 1 : D\u00c9ROULEMENT<\/h4>\n<p>Chapitre 1 : Comment suivre la formation<br \/>\nChapitre 2 : truc et astuce pour gagner du temps<br \/>\nChapitre 3 : Comment se d\u00e9roule le processus de certification<\/p>\n<h4>MODULE 2 : LE \u00a0DOSSIER \u00a0DE \u00a0DEMANDE<\/h4>\n<p>Chapitre 1 : Comment t\u00e9l\u00e9charger les r\u00e9f\u00e9rentiels et demander le dossier<br \/>\nChapitre 2 : Comment remplir les documents de demande de certification.<br \/>\nChapitre 3 : Renvoyer les documents (date d\u2019engagement)<\/p>\n<h4>MODULE 3 : ORGANISER \u00a0SA \u00a0STRUCTURE<\/h4>\n<p>Chapitre 1 : Accueil client \u2013 Identification des besoins \u2013 Contrat<br \/>\nChapitre 2 : Ressources Humaines (QCM) \u2013 veille \u2013 Document Types<br \/>\nChapitre 3 : Comment partager les documents<br \/>\nChapitre 4 : D\u00e9ontologie &#8211; Gestion r\u00e9clamation client<br \/>\nChapitre 5 : Assurance \u2013 Confidentialit\u00e9 \u2013 Evaluation satisfaction client<br \/>\nChapitre 6 : D\u00e9claration annuelle d\u2019activit\u00e9 \u2013 Archivage<\/p>\n<h4>MODULE 4 : OBTENTION \u00a0DE \u00a0LA \u00a0CERTIFICATION<\/h4>\n<p>Chapitre 1 : QCM &#8211; A quelle sauce allez-vous \u00eatre mang\u00e9.<br \/>\nChapitre 2 : Audit (les points que l\u2019auditeur regarde)<br \/>\nChapitre 3 : R\u00e9pondre \u00e0 chaud<br \/>\nChapitre 4 : Fiche d\u2019\u00e9cart pr\u00e9sentation du Forum de discussion.<\/p>\n<div class=\"pvc_clear\"><\/div>\n<p id=\"pvc_stats_52\" class=\"pvc_stats all  \" data-element-id=\"52\" style=\"\"><i class=\"pvc-stats-icon medium\" aria-hidden=\"true\"><svg aria-hidden=\"true\" focusable=\"false\" data-prefix=\"far\" data-icon=\"chart-bar\" role=\"img\" xmlns=\"http:\/\/www.w3.org\/2000\/svg\" viewBox=\"0 0 512 512\" class=\"svg-inline--fa fa-chart-bar fa-w-16 fa-2x\"><path fill=\"currentColor\" d=\"M396.8 352h22.4c6.4 0 12.8-6.4 12.8-12.8V108.8c0-6.4-6.4-12.8-12.8-12.8h-22.4c-6.4 0-12.8 6.4-12.8 12.8v230.4c0 6.4 6.4 12.8 12.8 12.8zm-192 0h22.4c6.4 0 12.8-6.4 12.8-12.8V140.8c0-6.4-6.4-12.8-12.8-12.8h-22.4c-6.4 0-12.8 6.4-12.8 12.8v198.4c0 6.4 6.4 12.8 12.8 12.8zm96 0h22.4c6.4 0 12.8-6.4 12.8-12.8V204.8c0-6.4-6.4-12.8-12.8-12.8h-22.4c-6.4 0-12.8 6.4-12.8 12.8v134.4c0 6.4 6.4 12.8 12.8 12.8zM496 400H48V80c0-8.84-7.16-16-16-16H16C7.16 64 0 71.16 0 80v336c0 17.67 14.33 32 32 32h464c8.84 0 16-7.16 16-16v-16c0-8.84-7.16-16-16-16zm-387.2-48h22.4c6.4 0 12.8-6.4 12.8-12.8v-70.4c0-6.4-6.4-12.8-12.8-12.8h-22.4c-6.4 0-12.8 6.4-12.8 12.8v70.4c0 6.4 6.4 12.8 12.8 12.8z\" class=\"\"><\/path><\/svg><\/i> <img data-recalc-dims=\"1\" loading=\"lazy\" decoding=\"async\" width=\"16\" height=\"16\" alt=\"Loading\" src=\"https:\/\/i0.wp.com\/avrsi.fr\/avrsi\/wp-content\/plugins\/page-views-count\/ajax-loader-2x.gif?resize=16%2C16&#038;ssl=1\" border=0 \/><\/p>\n<div class=\"pvc_clear\"><\/div>\n","protected":false},"excerpt":{"rendered":"<p>Comment organiser votre soci\u00e9t\u00e9 pour satisfaire \u00e0 la certification I93 &nbsp; MODULE 1 : D\u00c9ROULEMENT Chapitre 1 : Comment suivre la formation Chapitre 2 : truc et astuce pour gagner du temps Chapitre 3 : Comment se d\u00e9roule le processus<\/p>\n<div class=\"pvc_clear\"><\/div>\n<p id=\"pvc_stats_52\" class=\"pvc_stats all  \" data-element-id=\"52\" style=\"\"><i class=\"pvc-stats-icon medium\" aria-hidden=\"true\"><svg aria-hidden=\"true\" focusable=\"false\" data-prefix=\"far\" data-icon=\"chart-bar\" role=\"img\" xmlns=\"http:\/\/www.w3.org\/2000\/svg\" viewBox=\"0 0 512 512\" class=\"svg-inline--fa fa-chart-bar fa-w-16 fa-2x\"><path fill=\"currentColor\" d=\"M396.8 352h22.4c6.4 0 12.8-6.4 12.8-12.8V108.8c0-6.4-6.4-12.8-12.8-12.8h-22.4c-6.4 0-12.8 6.4-12.8 12.8v230.4c0 6.4 6.4 12.8 12.8 12.8zm-192 0h22.4c6.4 0 12.8-6.4 12.8-12.8V140.8c0-6.4-6.4-12.8-12.8-12.8h-22.4c-6.4 0-12.8 6.4-12.8 12.8v198.4c0 6.4 6.4 12.8 12.8 12.8zm96 0h22.4c6.4 0 12.8-6.4 12.8-12.8V204.8c0-6.4-6.4-12.8-12.8-12.8h-22.4c-6.4 0-12.8 6.4-12.8 12.8v134.4c0 6.4 6.4 12.8 12.8 12.8zM496 400H48V80c0-8.84-7.16-16-16-16H16C7.16 64 0 71.16 0 80v336c0 17.67 14.33 32 32 32h464c8.84 0 16-7.16 16-16v-16c0-8.84-7.16-16-16-16zm-387.2-48h22.4c6.4 0 12.8-6.4 12.8-12.8v-70.4c0-6.4-6.4-12.8-12.8-12.8h-22.4c-6.4 0-12.8 6.4-12.8 12.8v70.4c0 6.4 6.4 12.8 12.8 12.8z\" class=\"\"><\/path><\/svg><\/i> <img loading=\"lazy\" decoding=\"async\" width=\"16\" height=\"16\" alt=\"Loading\" src=\"https:\/\/avrsi.fr\/avrsi\/wp-content\/plugins\/page-views-count\/ajax-loader-2x.gif\" border=0 \/><\/p>\n<div class=\"pvc_clear\"><\/div>\n","protected":false},"featured_media":554,"comment_status":"open","ping_status":"closed","template":"","meta":{"_bbp_topic_count":0,"_bbp_reply_count":0,"_bbp_total_topic_count":0,"_bbp_total_reply_count":0,"_bbp_voice_count":0,"_bbp_anonymous_reply_count":0,"_bbp_topic_count_hidden":0,"_bbp_reply_count_hidden":0,"_bbp_forum_subforum_count":0,"_exactmetrics_skip_tracking":false,"_exactmetrics_sitenote_active":false,"_exactmetrics_sitenote_note":"","_exactmetrics_sitenote_category":0,"jetpack_publicize_message":"","jetpack_publicize_feature_enabled":true,"jetpack_social_post_already_shared":true,"jetpack_social_options":{"image_generator_settings":{"template":"highway","default_image_id":0,"font":"","enabled":false},"version":2}},"product_brand":[],"product_cat":[8],"product_tag":[],"class_list":{"0":"post-52","1":"product","2":"type-product","3":"status-publish","4":"has-post-thumbnail","6":"product_cat-service","8":"first","9":"instock","10":"virtual","11":"taxable","12":"purchasable","13":"product-type-simple"},"aioseo_notices":[],"a3_pvc":{"activated":true,"total_views":580,"today_views":1},"jetpack_publicize_connections":[],"jetpack_sharing_enabled":true,"jetpack-related-posts":[{"id":165,"url":"https:\/\/avrsi.fr\/avrsi\/produit\/rapport-synthese-automatique\/","url_meta":{"origin":52,"position":0},"title":"Rapport &#8211; Synth\u00e8se Automatique","author":"sylvere","date":"5 f\u00e9vrier 2016","format":false,"excerpt":"Assistance \u00e0 la cr\u00e9ation de tables de synth\u00e8ses automatiques dans votre rapport","rel":"","context":"Article similaire","block_context":{"text":"Article similaire","link":""},"img":{"alt_text":"rapportsyntauto","src":"https:\/\/i0.wp.com\/avrsi.fr\/avrsi\/wp-content\/uploads\/2016\/02\/rapportsyntauto-1.png?fit=1200%2C542&ssl=1&resize=350%2C200","width":350,"height":200,"srcset":"https:\/\/i0.wp.com\/avrsi.fr\/avrsi\/wp-content\/uploads\/2016\/02\/rapportsyntauto-1.png?fit=1200%2C542&ssl=1&resize=350%2C200 1x, https:\/\/i0.wp.com\/avrsi.fr\/avrsi\/wp-content\/uploads\/2016\/02\/rapportsyntauto-1.png?fit=1200%2C542&ssl=1&resize=525%2C300 1.5x, https:\/\/i0.wp.com\/avrsi.fr\/avrsi\/wp-content\/uploads\/2016\/02\/rapportsyntauto-1.png?fit=1200%2C542&ssl=1&resize=700%2C400 2x, https:\/\/i0.wp.com\/avrsi.fr\/avrsi\/wp-content\/uploads\/2016\/02\/rapportsyntauto-1.png?fit=1200%2C542&ssl=1&resize=1050%2C600 3x"},"classes":[]},{"id":44,"url":"https:\/\/avrsi.fr\/avrsi\/produit\/dinliste\/","url_meta":{"origin":52,"position":1},"title":"DINLISTE","author":"sylvere","date":"25 janvier 2016","format":false,"excerpt":"DINLISTE - Cr\u00e9ation en 1 clic du sommaire du dossier d'identit\u00e9","rel":"","context":"Article similaire","block_context":{"text":"Article similaire","link":""},"img":{"alt_text":"Dinliste","src":"https:\/\/i0.wp.com\/avrsi.fr\/avrsi\/wp-content\/uploads\/2016\/02\/17187676_l.jpg?fit=1200%2C911&ssl=1&resize=350%2C200","width":350,"height":200,"srcset":"https:\/\/i0.wp.com\/avrsi.fr\/avrsi\/wp-content\/uploads\/2016\/02\/17187676_l.jpg?fit=1200%2C911&ssl=1&resize=350%2C200 1x, https:\/\/i0.wp.com\/avrsi.fr\/avrsi\/wp-content\/uploads\/2016\/02\/17187676_l.jpg?fit=1200%2C911&ssl=1&resize=525%2C300 1.5x, https:\/\/i0.wp.com\/avrsi.fr\/avrsi\/wp-content\/uploads\/2016\/02\/17187676_l.jpg?fit=1200%2C911&ssl=1&resize=700%2C400 2x, https:\/\/i0.wp.com\/avrsi.fr\/avrsi\/wp-content\/uploads\/2016\/02\/17187676_l.jpg?fit=1200%2C911&ssl=1&resize=1050%2C600 3x"},"classes":[]},{"id":156,"url":"https:\/\/avrsi.fr\/avrsi\/produit\/reglementations-pdf\/","url_meta":{"origin":52,"position":2},"title":"R\u00e9glementations PDF","author":"sylvere","date":"4 f\u00e9vrier 2016","format":false,"excerpt":"Toute la r\u00e9glementation incendie en PDF avec la veille r\u00e9glementaire associ\u00e9e","rel":"","context":"Article similaire","block_context":{"text":"Article similaire","link":""},"img":{"alt_text":"10816406_l","src":"https:\/\/i0.wp.com\/avrsi.fr\/avrsi\/wp-content\/uploads\/2016\/02\/10816406_l-1.jpg?fit=467%2C400&ssl=1&resize=350%2C200","width":350,"height":200},"classes":[]},{"id":77,"url":"https:\/\/avrsi.fr\/avrsi\/produit\/rrt-ssi-synthese-auto\/","url_meta":{"origin":52,"position":3},"title":"RRT SSI &#8211; Synth\u00e8se Automatique","author":"sylvere","date":"26 janvier 2016","format":false,"excerpt":"Assistance \u00e0 la cr\u00e9ation de tables de synth\u00e8ses automatiques dans votre Rapport de R\u00e9ception Technique.","rel":"","context":"Article similaire","block_context":{"text":"Article similaire","link":""},"img":{"alt_text":"syntheseautoimage","src":"https:\/\/i0.wp.com\/avrsi.fr\/avrsi\/wp-content\/uploads\/2016\/02\/syntheseautoimage.png?fit=1200%2C542&ssl=1&resize=350%2C200","width":350,"height":200,"srcset":"https:\/\/i0.wp.com\/avrsi.fr\/avrsi\/wp-content\/uploads\/2016\/02\/syntheseautoimage.png?fit=1200%2C542&ssl=1&resize=350%2C200 1x, https:\/\/i0.wp.com\/avrsi.fr\/avrsi\/wp-content\/uploads\/2016\/02\/syntheseautoimage.png?fit=1200%2C542&ssl=1&resize=525%2C300 1.5x, https:\/\/i0.wp.com\/avrsi.fr\/avrsi\/wp-content\/uploads\/2016\/02\/syntheseautoimage.png?fit=1200%2C542&ssl=1&resize=700%2C400 2x, https:\/\/i0.wp.com\/avrsi.fr\/avrsi\/wp-content\/uploads\/2016\/02\/syntheseautoimage.png?fit=1200%2C542&ssl=1&resize=1050%2C600 3x"},"classes":[]},{"id":135,"url":"https:\/\/avrsi.fr\/avrsi\/produit\/installation-a-distance-synthese-auto\/","url_meta":{"origin":52,"position":4},"title":"Installation \u00e0 distance &#8211; Synth\u00e8se auto","author":"sylvere","date":"3 f\u00e9vrier 2016","format":false,"excerpt":"Pour les CSSI press\u00e9s ou ceux qui se sentent d\u00e9bord\u00e9s par l'informatique - Installation \u00e0 distance de la macro pour les synth\u00e8ses automatiques.","rel":"","context":"Article similaire","block_context":{"text":"Article similaire","link":""},"img":{"alt_text":"assistance \u00e0 distance","src":"https:\/\/i0.wp.com\/avrsi.fr\/avrsi\/wp-content\/uploads\/2016\/02\/assistance-%C3%A0-distance.png?fit=1200%2C542&ssl=1&resize=350%2C200","width":350,"height":200,"srcset":"https:\/\/i0.wp.com\/avrsi.fr\/avrsi\/wp-content\/uploads\/2016\/02\/assistance-%C3%A0-distance.png?fit=1200%2C542&ssl=1&resize=350%2C200 1x, https:\/\/i0.wp.com\/avrsi.fr\/avrsi\/wp-content\/uploads\/2016\/02\/assistance-%C3%A0-distance.png?fit=1200%2C542&ssl=1&resize=525%2C300 1.5x, https:\/\/i0.wp.com\/avrsi.fr\/avrsi\/wp-content\/uploads\/2016\/02\/assistance-%C3%A0-distance.png?fit=1200%2C542&ssl=1&resize=700%2C400 2x, https:\/\/i0.wp.com\/avrsi.fr\/avrsi\/wp-content\/uploads\/2016\/02\/assistance-%C3%A0-distance.png?fit=1200%2C542&ssl=1&resize=1050%2C600 3x"},"classes":[]},{"id":1371,"url":"https:\/\/avrsi.fr\/avrsi\/produit\/raccourcis\/","url_meta":{"origin":52,"position":5},"title":"Raccourcis","author":"sylvere","date":"15 mai 2023","format":false,"excerpt":"Ce logiciel permet de creer des raccourcis \u00e0 : des fichiers des r\u00e9pertoires des liens internets dans un logiciel l\u00e9ger o\u00f9 tout est centralis\u00e9. C'est tr\u00e8s pratique d'utilisation je l'utilise tous les jour depuis 2016","rel":"","context":"Article similaire","block_context":{"text":"Article similaire","link":""},"img":{"alt_text":"","src":"https:\/\/i0.wp.com\/avrsi.fr\/avrsi\/wp-content\/uploads\/2023\/05\/RacPageprincipale.jpg?resize=350%2C200&ssl=1","width":350,"height":200,"srcset":"https:\/\/i0.wp.com\/avrsi.fr\/avrsi\/wp-content\/uploads\/2023\/05\/RacPageprincipale.jpg?resize=350%2C200&ssl=1 1x, https:\/\/i0.wp.com\/avrsi.fr\/avrsi\/wp-content\/uploads\/2023\/05\/RacPageprincipale.jpg?resize=525%2C300&ssl=1 1.5x, https:\/\/i0.wp.com\/avrsi.fr\/avrsi\/wp-content\/uploads\/2023\/05\/RacPageprincipale.jpg?resize=700%2C400&ssl=1 2x"},"classes":[]}],"_links":{"self":[{"href":"https:\/\/avrsi.fr\/avrsi\/wp-json\/wp\/v2\/product\/52","targetHints":{"allow":["GET"]}}],"collection":[{"href":"https:\/\/avrsi.fr\/avrsi\/wp-json\/wp\/v2\/product"}],"about":[{"href":"https:\/\/avrsi.fr\/avrsi\/wp-json\/wp\/v2\/types\/product"}],"replies":[{"embeddable":true,"href":"https:\/\/avrsi.fr\/avrsi\/wp-json\/wp\/v2\/comments?post=52"}],"wp:featuredmedia":[{"embeddable":true,"href":"https:\/\/avrsi.fr\/avrsi\/wp-json\/wp\/v2\/media\/554"}],"wp:attachment":[{"href":"https:\/\/avrsi.fr\/avrsi\/wp-json\/wp\/v2\/media?parent=52"}],"wp:term":[{"taxonomy":"product_brand","embeddable":true,"href":"https:\/\/avrsi.fr\/avrsi\/wp-json\/wp\/v2\/product_brand?post=52"},{"taxonomy":"product_cat","embeddable":true,"href":"https:\/\/avrsi.fr\/avrsi\/wp-json\/wp\/v2\/product_cat?post=52"},{"taxonomy":"product_tag","embeddable":true,"href":"https:\/\/avrsi.fr\/avrsi\/wp-json\/wp\/v2\/product_tag?post=52"}],"curies":[{"name":"wp","href":"https:\/\/api.w.org\/{rel}","templated":true}]}}