{"id":77,"date":"2016-01-26T20:59:58","date_gmt":"2016-01-26T19:59:58","guid":{"rendered":"http:\/\/avrsi.fr\/avrsi\/?post_type=product&#038;p=77"},"modified":"2016-02-05T15:37:23","modified_gmt":"2016-02-05T14:37:23","slug":"rrt-ssi-synthese-auto","status":"publish","type":"product","link":"https:\/\/avrsi.fr\/avrsi\/produit\/rrt-ssi-synthese-auto\/","title":{"rendered":"RRT SSI &#8211; Synth\u00e8se Automatique"},"content":{"rendered":"<p>RRTSSI &#8211; Cr\u00e9ation de Synth\u00e8ses automatiques<\/p>\n<p>Requis : Word (docx) 2007 minimum<\/p>\n<h4><span style=\"text-decoration: underline;\">Objectif<\/span><\/h4>\n<p style=\"text-align: justify;\">Dans le cadre de la mission de CSSI, le rapport de r\u00e9ception technique cl\u00f4ture la mission du Coordinateur SSI. Souvent le RRT a beaucoup de remarques notamment \u00e0 l&rsquo;issue \u00a0de la premi\u00e8re r\u00e9ception. Et manque de chance, vous venez de terminer les essais \u00e0 22h00 et \u00a0la ma\u00eetrise d&rsquo;oeuvre ainsi que tous les lots veulent avoir le rapport avec la synth\u00e8se des r\u00e9serves \u00e0 la premi\u00e8re heure le lendemain matin. Quand il y a 50 r\u00e9serves, c&rsquo;est p\u00e9nible surtout quand il faut ensuite faire la mise \u00e0 jour. Avoir un RRT avec une synth\u00e8se automatique, permet \u00a0:<\/p>\n<ol>\n<li style=\"text-align: justify;\">de simplifier notre travail,<\/li>\n<li style=\"text-align: justify;\">de structurer les remarques \/ \u00a0r\u00e9serves \/ observations \/ Non-conformit\u00e9&#8230;<\/li>\n<li style=\"text-align: justify;\">de valoriser notre travail face aux autres intervenants<\/li>\n<li style=\"text-align: justify;\">de GAGNER DU TEMPS !!!<\/li>\n<\/ol>\n<p>Bref de faire un RRT \u00a0avec des remarques structur\u00e9es en un temps record.<\/p>\n<h4><span style=\"text-decoration: underline;\">Comment \u00e7a marche ( dixit michel chevalet )<\/span><\/h4>\n<p>T\u00e9l\u00e9charger \u00a0un extrait de RRT en pdf \u00a0: T\u00e9l\u00e9charger \u00a0 <a href=\"http:\/\/avrsi.fr\/avrsi\/wp-content\/uploads\/2016\/02\/RRT-synthese-auto-indice-2.pdf\" rel=\"\">RRT &#8211; synthese auto indice 2<\/a><\/p>\n<p>Une petite vid\u00e9o (2min) pour voir\u00a0la mise \u00e0 jour d&rsquo;un RRT en 4 min top chrono et sans se presser.<\/p>\n<div style=\"width: 750px;\" class=\"wp-video\"><!--[if lt IE 9]><script>document.createElement('video');<\/script><![endif]-->\n<video class=\"wp-video-shortcode\" id=\"video-77-1\" width=\"750\" height=\"422\" preload=\"metadata\" controls=\"controls\"><source type=\"video\/mp4\" src=\"http:\/\/avrsi.fr\/avrsi\/wp-content\/uploads\/2016\/01\/Maj-RRT.mp4?_=1\" \/><a href=\"http:\/\/avrsi.fr\/avrsi\/wp-content\/uploads\/2016\/01\/Maj-RRT.mp4\">http:\/\/avrsi.fr\/avrsi\/wp-content\/uploads\/2016\/01\/Maj-RRT.mp4<\/a><\/video><\/div>\n<p>&nbsp;<\/p>\n<h4 style=\"text-align: justify;\"><span style=\"text-decoration: underline;\">Votre RRT \u00e0 vous<\/span><\/h4>\n<p style=\"text-align: justify;\">Bien \u00e9videment je m&rsquo;adapte \u00e0 votre vision. A vous de voir comment vous voulez hi\u00e9rarchiser vos observations.<\/p>\n<p style=\"text-align: justify;\">NC Majeure n\u00b0\/Mineure\/Remarque (documentaire ou fonctionnelle)<br \/>\n&#8230;<br \/>\nObs.Doc n\u00b0 ,\u00a0Rem.Fonc n\u00b0&#8230;.<\/p>\n<h4 style=\"text-align: justify;\"><span style=\"text-decoration: underline;\">Assistance \u00e0 la Cr\u00e9ation de synth\u00e8se automatique de votre RRT<\/span><\/h4>\n<p style=\"text-align: justify;\">Je cr\u00e9e pour vous,<\/p>\n<ol>\n<li style=\"text-align: justify;\">Les synth\u00e8ses automatiques personnalis\u00e9es dans votre RRT en fonction de vos besoin.<\/li>\n<li style=\"text-align: justify;\">Le mode d&#8217;emploi en vid\u00e9o du RRT pour une utilisation optimale<\/li>\n<li style=\"text-align: justify;\">Une macro d&rsquo;actualisation de toutes les synth\u00e8ses du RRT.<\/li>\n<li style=\"text-align: justify;\">Mode d&#8217;emploi pour installer la macro sur word.<\/li>\n<\/ol>\n<p style=\"text-align: justify;\">Je m&rsquo;engage sur la confidentialit\u00e9 du document final bien entendu.<\/p>\n<p style=\"text-align: justify;\">Avec une \u00a0synth\u00e8se de l&rsquo;ensemble de vos remarques au d\u00e9but de votre document, vous gagnez du <span style=\"text-decoration: underline;\"><strong>TEMPS<\/strong><\/span>, de la <span style=\"text-decoration: underline;\"><strong>LISIBILIT\u00c9<\/strong><\/span>, de la<strong> CR\u00c9DIBILIT\u00c9<\/strong> en un mot&#8230;. de l&rsquo;<span style=\"text-decoration: underline;\"><strong>EFFICACITE<\/strong><\/span>.<\/p>\n<div class=\"pvc_clear\"><\/div>\n<p id=\"pvc_stats_77\" class=\"pvc_stats all  \" data-element-id=\"77\" style=\"\"><i class=\"pvc-stats-icon medium\" aria-hidden=\"true\"><svg aria-hidden=\"true\" focusable=\"false\" data-prefix=\"far\" data-icon=\"chart-bar\" role=\"img\" xmlns=\"http:\/\/www.w3.org\/2000\/svg\" viewBox=\"0 0 512 512\" class=\"svg-inline--fa fa-chart-bar fa-w-16 fa-2x\"><path fill=\"currentColor\" d=\"M396.8 352h22.4c6.4 0 12.8-6.4 12.8-12.8V108.8c0-6.4-6.4-12.8-12.8-12.8h-22.4c-6.4 0-12.8 6.4-12.8 12.8v230.4c0 6.4 6.4 12.8 12.8 12.8zm-192 0h22.4c6.4 0 12.8-6.4 12.8-12.8V140.8c0-6.4-6.4-12.8-12.8-12.8h-22.4c-6.4 0-12.8 6.4-12.8 12.8v198.4c0 6.4 6.4 12.8 12.8 12.8zm96 0h22.4c6.4 0 12.8-6.4 12.8-12.8V204.8c0-6.4-6.4-12.8-12.8-12.8h-22.4c-6.4 0-12.8 6.4-12.8 12.8v134.4c0 6.4 6.4 12.8 12.8 12.8zM496 400H48V80c0-8.84-7.16-16-16-16H16C7.16 64 0 71.16 0 80v336c0 17.67 14.33 32 32 32h464c8.84 0 16-7.16 16-16v-16c0-8.84-7.16-16-16-16zm-387.2-48h22.4c6.4 0 12.8-6.4 12.8-12.8v-70.4c0-6.4-6.4-12.8-12.8-12.8h-22.4c-6.4 0-12.8 6.4-12.8 12.8v70.4c0 6.4 6.4 12.8 12.8 12.8z\" class=\"\"><\/path><\/svg><\/i> <img data-recalc-dims=\"1\" loading=\"lazy\" decoding=\"async\" width=\"16\" height=\"16\" alt=\"Loading\" src=\"https:\/\/i0.wp.com\/avrsi.fr\/avrsi\/wp-content\/plugins\/page-views-count\/ajax-loader-2x.gif?resize=16%2C16&#038;ssl=1\" border=0 \/><\/p>\n<div class=\"pvc_clear\"><\/div>\n","protected":false},"excerpt":{"rendered":"<p>Assistance \u00e0 la cr\u00e9ation de tables de synth\u00e8ses automatiques dans votre Rapport de R\u00e9ception Technique.<\/p>\n<div class=\"pvc_clear\"><\/div>\n<p id=\"pvc_stats_77\" class=\"pvc_stats all  \" data-element-id=\"77\" style=\"\"><i class=\"pvc-stats-icon medium\" aria-hidden=\"true\"><svg aria-hidden=\"true\" focusable=\"false\" data-prefix=\"far\" data-icon=\"chart-bar\" role=\"img\" xmlns=\"http:\/\/www.w3.org\/2000\/svg\" viewBox=\"0 0 512 512\" class=\"svg-inline--fa fa-chart-bar fa-w-16 fa-2x\"><path fill=\"currentColor\" d=\"M396.8 352h22.4c6.4 0 12.8-6.4 12.8-12.8V108.8c0-6.4-6.4-12.8-12.8-12.8h-22.4c-6.4 0-12.8 6.4-12.8 12.8v230.4c0 6.4 6.4 12.8 12.8 12.8zm-192 0h22.4c6.4 0 12.8-6.4 12.8-12.8V140.8c0-6.4-6.4-12.8-12.8-12.8h-22.4c-6.4 0-12.8 6.4-12.8 12.8v198.4c0 6.4 6.4 12.8 12.8 12.8zm96 0h22.4c6.4 0 12.8-6.4 12.8-12.8V204.8c0-6.4-6.4-12.8-12.8-12.8h-22.4c-6.4 0-12.8 6.4-12.8 12.8v134.4c0 6.4 6.4 12.8 12.8 12.8zM496 400H48V80c0-8.84-7.16-16-16-16H16C7.16 64 0 71.16 0 80v336c0 17.67 14.33 32 32 32h464c8.84 0 16-7.16 16-16v-16c0-8.84-7.16-16-16-16zm-387.2-48h22.4c6.4 0 12.8-6.4 12.8-12.8v-70.4c0-6.4-6.4-12.8-12.8-12.8h-22.4c-6.4 0-12.8 6.4-12.8 12.8v70.4c0 6.4 6.4 12.8 12.8 12.8z\" class=\"\"><\/path><\/svg><\/i> <img loading=\"lazy\" decoding=\"async\" width=\"16\" height=\"16\" alt=\"Loading\" src=\"https:\/\/avrsi.fr\/avrsi\/wp-content\/plugins\/page-views-count\/ajax-loader-2x.gif\" border=0 \/><\/p>\n<div class=\"pvc_clear\"><\/div>\n","protected":false},"featured_media":172,"comment_status":"open","ping_status":"closed","template":"","meta":{"_bbp_topic_count":0,"_bbp_reply_count":0,"_bbp_total_topic_count":0,"_bbp_total_reply_count":0,"_bbp_voice_count":0,"_bbp_anonymous_reply_count":0,"_bbp_topic_count_hidden":0,"_bbp_reply_count_hidden":0,"_bbp_forum_subforum_count":0,"_exactmetrics_skip_tracking":false,"_exactmetrics_sitenote_active":false,"_exactmetrics_sitenote_note":"","_exactmetrics_sitenote_category":0,"jetpack_publicize_message":"","jetpack_publicize_feature_enabled":true,"jetpack_social_post_already_shared":false,"jetpack_social_options":{"image_generator_settings":{"template":"highway","default_image_id":0,"font":"","enabled":false},"version":2}},"product_brand":[],"product_cat":[8],"product_tag":[],"class_list":{"0":"post-77","1":"product","2":"type-product","3":"status-publish","4":"has-post-thumbnail","6":"product_cat-service","8":"first","9":"instock","10":"downloadable","11":"virtual","12":"taxable","13":"purchasable","14":"product-type-simple"},"aioseo_notices":[],"a3_pvc":{"activated":true,"total_views":3818,"today_views":0},"jetpack_publicize_connections":[],"jetpack_sharing_enabled":true,"jetpack-related-posts":[{"id":165,"url":"https:\/\/avrsi.fr\/avrsi\/produit\/rapport-synthese-automatique\/","url_meta":{"origin":77,"position":0},"title":"Rapport &#8211; Synth\u00e8se Automatique","author":"sylvere","date":"5 f\u00e9vrier 2016","format":false,"excerpt":"Assistance \u00e0 la cr\u00e9ation de tables de synth\u00e8ses automatiques dans votre rapport","rel":"","context":"Article similaire","block_context":{"text":"Article similaire","link":""},"img":{"alt_text":"rapportsyntauto","src":"https:\/\/i0.wp.com\/avrsi.fr\/avrsi\/wp-content\/uploads\/2016\/02\/rapportsyntauto-1.png?fit=1200%2C542&ssl=1&resize=350%2C200","width":350,"height":200,"srcset":"https:\/\/i0.wp.com\/avrsi.fr\/avrsi\/wp-content\/uploads\/2016\/02\/rapportsyntauto-1.png?fit=1200%2C542&ssl=1&resize=350%2C200 1x, https:\/\/i0.wp.com\/avrsi.fr\/avrsi\/wp-content\/uploads\/2016\/02\/rapportsyntauto-1.png?fit=1200%2C542&ssl=1&resize=525%2C300 1.5x, https:\/\/i0.wp.com\/avrsi.fr\/avrsi\/wp-content\/uploads\/2016\/02\/rapportsyntauto-1.png?fit=1200%2C542&ssl=1&resize=700%2C400 2x, https:\/\/i0.wp.com\/avrsi.fr\/avrsi\/wp-content\/uploads\/2016\/02\/rapportsyntauto-1.png?fit=1200%2C542&ssl=1&resize=1050%2C600 3x"},"classes":[]},{"id":135,"url":"https:\/\/avrsi.fr\/avrsi\/produit\/installation-a-distance-synthese-auto\/","url_meta":{"origin":77,"position":1},"title":"Installation \u00e0 distance &#8211; Synth\u00e8se auto","author":"sylvere","date":"3 f\u00e9vrier 2016","format":false,"excerpt":"Pour les CSSI press\u00e9s ou ceux qui se sentent d\u00e9bord\u00e9s par l'informatique - Installation \u00e0 distance de la macro pour les synth\u00e8ses automatiques.","rel":"","context":"Article similaire","block_context":{"text":"Article similaire","link":""},"img":{"alt_text":"assistance \u00e0 distance","src":"https:\/\/i0.wp.com\/avrsi.fr\/avrsi\/wp-content\/uploads\/2016\/02\/assistance-%C3%A0-distance.png?fit=1200%2C542&ssl=1&resize=350%2C200","width":350,"height":200,"srcset":"https:\/\/i0.wp.com\/avrsi.fr\/avrsi\/wp-content\/uploads\/2016\/02\/assistance-%C3%A0-distance.png?fit=1200%2C542&ssl=1&resize=350%2C200 1x, https:\/\/i0.wp.com\/avrsi.fr\/avrsi\/wp-content\/uploads\/2016\/02\/assistance-%C3%A0-distance.png?fit=1200%2C542&ssl=1&resize=525%2C300 1.5x, https:\/\/i0.wp.com\/avrsi.fr\/avrsi\/wp-content\/uploads\/2016\/02\/assistance-%C3%A0-distance.png?fit=1200%2C542&ssl=1&resize=700%2C400 2x, https:\/\/i0.wp.com\/avrsi.fr\/avrsi\/wp-content\/uploads\/2016\/02\/assistance-%C3%A0-distance.png?fit=1200%2C542&ssl=1&resize=1050%2C600 3x"},"classes":[]},{"id":156,"url":"https:\/\/avrsi.fr\/avrsi\/produit\/reglementations-pdf\/","url_meta":{"origin":77,"position":2},"title":"R\u00e9glementations PDF","author":"sylvere","date":"4 f\u00e9vrier 2016","format":false,"excerpt":"Toute la r\u00e9glementation incendie en PDF avec la veille r\u00e9glementaire associ\u00e9e","rel":"","context":"Article similaire","block_context":{"text":"Article similaire","link":""},"img":{"alt_text":"10816406_l","src":"https:\/\/i0.wp.com\/avrsi.fr\/avrsi\/wp-content\/uploads\/2016\/02\/10816406_l-1.jpg?fit=467%2C400&ssl=1&resize=350%2C200","width":350,"height":200},"classes":[]},{"id":44,"url":"https:\/\/avrsi.fr\/avrsi\/produit\/dinliste\/","url_meta":{"origin":77,"position":3},"title":"DINLISTE","author":"sylvere","date":"25 janvier 2016","format":false,"excerpt":"DINLISTE - Cr\u00e9ation en 1 clic du sommaire du dossier d'identit\u00e9","rel":"","context":"Article similaire","block_context":{"text":"Article similaire","link":""},"img":{"alt_text":"Dinliste","src":"https:\/\/i0.wp.com\/avrsi.fr\/avrsi\/wp-content\/uploads\/2016\/02\/17187676_l.jpg?fit=1200%2C911&ssl=1&resize=350%2C200","width":350,"height":200,"srcset":"https:\/\/i0.wp.com\/avrsi.fr\/avrsi\/wp-content\/uploads\/2016\/02\/17187676_l.jpg?fit=1200%2C911&ssl=1&resize=350%2C200 1x, https:\/\/i0.wp.com\/avrsi.fr\/avrsi\/wp-content\/uploads\/2016\/02\/17187676_l.jpg?fit=1200%2C911&ssl=1&resize=525%2C300 1.5x, https:\/\/i0.wp.com\/avrsi.fr\/avrsi\/wp-content\/uploads\/2016\/02\/17187676_l.jpg?fit=1200%2C911&ssl=1&resize=700%2C400 2x, https:\/\/i0.wp.com\/avrsi.fr\/avrsi\/wp-content\/uploads\/2016\/02\/17187676_l.jpg?fit=1200%2C911&ssl=1&resize=1050%2C600 3x"},"classes":[]},{"id":1371,"url":"https:\/\/avrsi.fr\/avrsi\/produit\/raccourcis\/","url_meta":{"origin":77,"position":4},"title":"Raccourcis","author":"sylvere","date":"15 mai 2023","format":false,"excerpt":"Ce logiciel permet de creer des raccourcis \u00e0 : des fichiers des r\u00e9pertoires des liens internets dans un logiciel l\u00e9ger o\u00f9 tout est centralis\u00e9. C'est tr\u00e8s pratique d'utilisation je l'utilise tous les jour depuis 2016","rel":"","context":"Article similaire","block_context":{"text":"Article similaire","link":""},"img":{"alt_text":"","src":"https:\/\/i0.wp.com\/avrsi.fr\/avrsi\/wp-content\/uploads\/2023\/05\/RacPageprincipale.jpg?resize=350%2C200&ssl=1","width":350,"height":200,"srcset":"https:\/\/i0.wp.com\/avrsi.fr\/avrsi\/wp-content\/uploads\/2023\/05\/RacPageprincipale.jpg?resize=350%2C200&ssl=1 1x, https:\/\/i0.wp.com\/avrsi.fr\/avrsi\/wp-content\/uploads\/2023\/05\/RacPageprincipale.jpg?resize=525%2C300&ssl=1 1.5x, https:\/\/i0.wp.com\/avrsi.fr\/avrsi\/wp-content\/uploads\/2023\/05\/RacPageprincipale.jpg?resize=700%2C400&ssl=1 2x"},"classes":[]},{"id":52,"url":"https:\/\/avrsi.fr\/avrsi\/produit\/assistance-a-la-certification\/","url_meta":{"origin":77,"position":5},"title":"Assistance \u00e0 la certification","author":"sylvere","date":"22 f\u00e9vrier 2017","format":false,"excerpt":"Comment organiser votre soci\u00e9t\u00e9 pour satisfaire \u00e0 la certification I93 \u00a0 MODULE 1 : D\u00c9ROULEMENT Chapitre 1 : Comment suivre la formation Chapitre 2 : truc et astuce pour gagner du temps Chapitre 3 : Comment se d\u00e9roule le processus de certification MODULE 2 : LE \u00a0DOSSIER \u00a0DE \u00a0DEMANDE Chapitre\u2026","rel":"","context":"Article similaire","block_context":{"text":"Article similaire","link":""},"img":{"alt_text":"I93-2","src":"https:\/\/i0.wp.com\/avrsi.fr\/avrsi\/wp-content\/uploads\/2017\/02\/I93-2.png?fit=1200%2C542&ssl=1&resize=350%2C200","width":350,"height":200,"srcset":"https:\/\/i0.wp.com\/avrsi.fr\/avrsi\/wp-content\/uploads\/2017\/02\/I93-2.png?fit=1200%2C542&ssl=1&resize=350%2C200 1x, https:\/\/i0.wp.com\/avrsi.fr\/avrsi\/wp-content\/uploads\/2017\/02\/I93-2.png?fit=1200%2C542&ssl=1&resize=525%2C300 1.5x, https:\/\/i0.wp.com\/avrsi.fr\/avrsi\/wp-content\/uploads\/2017\/02\/I93-2.png?fit=1200%2C542&ssl=1&resize=700%2C400 2x, https:\/\/i0.wp.com\/avrsi.fr\/avrsi\/wp-content\/uploads\/2017\/02\/I93-2.png?fit=1200%2C542&ssl=1&resize=1050%2C600 3x"},"classes":[]}],"_links":{"self":[{"href":"https:\/\/avrsi.fr\/avrsi\/wp-json\/wp\/v2\/product\/77","targetHints":{"allow":["GET"]}}],"collection":[{"href":"https:\/\/avrsi.fr\/avrsi\/wp-json\/wp\/v2\/product"}],"about":[{"href":"https:\/\/avrsi.fr\/avrsi\/wp-json\/wp\/v2\/types\/product"}],"replies":[{"embeddable":true,"href":"https:\/\/avrsi.fr\/avrsi\/wp-json\/wp\/v2\/comments?post=77"}],"wp:featuredmedia":[{"embeddable":true,"href":"https:\/\/avrsi.fr\/avrsi\/wp-json\/wp\/v2\/media\/172"}],"wp:attachment":[{"href":"https:\/\/avrsi.fr\/avrsi\/wp-json\/wp\/v2\/media?parent=77"}],"wp:term":[{"taxonomy":"product_brand","embeddable":true,"href":"https:\/\/avrsi.fr\/avrsi\/wp-json\/wp\/v2\/product_brand?post=77"},{"taxonomy":"product_cat","embeddable":true,"href":"https:\/\/avrsi.fr\/avrsi\/wp-json\/wp\/v2\/product_cat?post=77"},{"taxonomy":"product_tag","embeddable":true,"href":"https:\/\/avrsi.fr\/avrsi\/wp-json\/wp\/v2\/product_tag?post=77"}],"curies":[{"name":"wp","href":"https:\/\/api.w.org\/{rel}","templated":true}]}}